{"id":9639,"date":"2024-04-11T12:44:07","date_gmt":"2024-04-11T12:44:07","guid":{"rendered":"https:\/\/www.ramenvalves.com\/?page_id=9639"},"modified":"2025-09-26T06:56:15","modified_gmt":"2025-09-26T06:56:15","slug":"lng-flytande-naturgas","status":"publish","type":"page","link":"https:\/\/www.ramenvalves.com\/sv\/industrigaser\/lng-flytande-naturgas\/","title":{"rendered":"LNG &#8211; flytande naturgas"},"content":{"rendered":"","protected":false},"excerpt":{"rendered":"","protected":false},"author":5,"featured_media":0,"parent":11516,"menu_order":0,"comment_status":"closed","ping_status":"closed","template":"","meta":{"_acf_changed":false,"footnotes":""},"class_list":["post-9639","page","type-page","status-publish","hentry"],"acf":[],"yoast_head":"<!-- This site is optimized with the Yoast SEO plugin v27.2 - https:\/\/yoast.com\/product\/yoast-seo-wordpress\/ -->\n<title>Ventiler f\u00f6r LNG (flytande naturgas) I Ram\u00e9n Valves<\/title>\n<meta name=\"description\" content=\"Ventiler som \u00e4r speciellt anpassade f\u00f6r anv\u00e4ndning f\u00f6r applikation inom LNG. T.ex. smutsfilter och s\u00e4tesventiler.\" \/>\n<meta name=\"robots\" content=\"index, follow, max-snippet:-1, max-image-preview:large, max-video-preview:-1\" \/>\n<link rel=\"canonical\" href=\"https:\/\/www.ramenvalves.com\/sv\/hitta-din-industri\/industrigaser\/lng-flytande-naturgas\/\" \/>\n<meta property=\"og:locale\" content=\"sv_SE\" \/>\n<meta property=\"og:type\" content=\"article\" \/>\n<meta property=\"og:title\" content=\"Ventiler f\u00f6r LNG (flytande naturgas) I Ram\u00e9n Valves\" \/>\n<meta property=\"og:description\" content=\"Ventiler som \u00e4r speciellt anpassade f\u00f6r anv\u00e4ndning f\u00f6r applikation inom LNG. T.ex. smutsfilter och s\u00e4tesventiler.\" \/>\n<meta property=\"og:url\" content=\"https:\/\/www.ramenvalves.com\/sv\/hitta-din-industri\/industrigaser\/lng-flytande-naturgas\/\" \/>\n<meta property=\"og:site_name\" content=\"Ramen\" \/>\n<meta property=\"article:modified_time\" content=\"2025-09-26T06:56:15+00:00\" \/>\n<meta name=\"twitter:card\" content=\"summary_large_image\" \/>\n<script type=\"application\/ld+json\" class=\"yoast-schema-graph\">{\"@context\":\"https:\/\/schema.org\",\"@graph\":[{\"@type\":\"WebPage\",\"@id\":\"https:\/\/www.ramenvalves.com\/sv\/hitta-din-industri\/industrigaser\/lng-flytande-naturgas\/\",\"url\":\"https:\/\/www.ramenvalves.com\/sv\/hitta-din-industri\/industrigaser\/lng-flytande-naturgas\/\",\"name\":\"Ventiler f\u00f6r LNG (flytande naturgas) I Ram\u00e9n Valves\",\"isPartOf\":{\"@id\":\"https:\/\/www.ramenvalves.com\/#website\"},\"datePublished\":\"2024-04-11T12:44:07+00:00\",\"dateModified\":\"2025-09-26T06:56:15+00:00\",\"description\":\"Ventiler som \u00e4r speciellt anpassade f\u00f6r anv\u00e4ndning f\u00f6r applikation inom LNG. T.ex. smutsfilter och s\u00e4tesventiler.\",\"breadcrumb\":{\"@id\":\"https:\/\/www.ramenvalves.com\/sv\/hitta-din-industri\/industrigaser\/lng-flytande-naturgas\/#breadcrumb\"},\"inLanguage\":\"sv-SE\",\"potentialAction\":[{\"@type\":\"ReadAction\",\"target\":[\"https:\/\/www.ramenvalves.com\/sv\/hitta-din-industri\/industrigaser\/lng-flytande-naturgas\/\"]}]},{\"@type\":\"BreadcrumbList\",\"@id\":\"https:\/\/www.ramenvalves.com\/sv\/hitta-din-industri\/industrigaser\/lng-flytande-naturgas\/#breadcrumb\",\"itemListElement\":[{\"@type\":\"ListItem\",\"position\":1,\"name\":\"Home\",\"item\":\"https:\/\/www.ramenvalves.com\/sv\/\"},{\"@type\":\"ListItem\",\"position\":2,\"name\":\"Hitta din industri\",\"item\":\"https:\/\/www.ramenvalves.com\/sv\/hitta-din-industri\/\"},{\"@type\":\"ListItem\",\"position\":3,\"name\":\"Industrigaser\",\"item\":\"https:\/\/www.ramenvalves.com\/sv\/hitta-din-industri\/industrigaser\/\"},{\"@type\":\"ListItem\",\"position\":4,\"name\":\"LNG &#8211; flytande naturgas\"}]},{\"@type\":\"WebSite\",\"@id\":\"https:\/\/www.ramenvalves.com\/#website\",\"url\":\"https:\/\/www.ramenvalves.com\/\",\"name\":\"Ramen\",\"description\":\"Ramen\",\"potentialAction\":[{\"@type\":\"SearchAction\",\"target\":{\"@type\":\"EntryPoint\",\"urlTemplate\":\"https:\/\/www.ramenvalves.com\/?s={search_term_string}\"},\"query-input\":{\"@type\":\"PropertyValueSpecification\",\"valueRequired\":true,\"valueName\":\"search_term_string\"}}],\"inLanguage\":\"sv-SE\"}]}<\/script>\n<!-- \/ Yoast SEO plugin. -->","yoast_head_json":{"title":"Ventiler f\u00f6r LNG (flytande naturgas) I Ram\u00e9n Valves","description":"Ventiler som \u00e4r speciellt anpassade f\u00f6r anv\u00e4ndning f\u00f6r applikation inom LNG. T.ex. smutsfilter och s\u00e4tesventiler.","robots":{"index":"index","follow":"follow","max-snippet":"max-snippet:-1","max-image-preview":"max-image-preview:large","max-video-preview":"max-video-preview:-1"},"canonical":"https:\/\/www.ramenvalves.com\/sv\/hitta-din-industri\/industrigaser\/lng-flytande-naturgas\/","og_locale":"sv_SE","og_type":"article","og_title":"Ventiler f\u00f6r LNG (flytande naturgas) I Ram\u00e9n Valves","og_description":"Ventiler som \u00e4r speciellt anpassade f\u00f6r anv\u00e4ndning f\u00f6r applikation inom LNG. T.ex. smutsfilter och s\u00e4tesventiler.","og_url":"https:\/\/www.ramenvalves.com\/sv\/hitta-din-industri\/industrigaser\/lng-flytande-naturgas\/","og_site_name":"Ramen","article_modified_time":"2025-09-26T06:56:15+00:00","twitter_card":"summary_large_image","schema":{"@context":"https:\/\/schema.org","@graph":[{"@type":"WebPage","@id":"https:\/\/www.ramenvalves.com\/sv\/hitta-din-industri\/industrigaser\/lng-flytande-naturgas\/","url":"https:\/\/www.ramenvalves.com\/sv\/hitta-din-industri\/industrigaser\/lng-flytande-naturgas\/","name":"Ventiler f\u00f6r LNG (flytande naturgas) I Ram\u00e9n Valves","isPartOf":{"@id":"https:\/\/www.ramenvalves.com\/#website"},"datePublished":"2024-04-11T12:44:07+00:00","dateModified":"2025-09-26T06:56:15+00:00","description":"Ventiler som \u00e4r speciellt anpassade f\u00f6r anv\u00e4ndning f\u00f6r applikation inom LNG. T.ex. smutsfilter och s\u00e4tesventiler.","breadcrumb":{"@id":"https:\/\/www.ramenvalves.com\/sv\/hitta-din-industri\/industrigaser\/lng-flytande-naturgas\/#breadcrumb"},"inLanguage":"sv-SE","potentialAction":[{"@type":"ReadAction","target":["https:\/\/www.ramenvalves.com\/sv\/hitta-din-industri\/industrigaser\/lng-flytande-naturgas\/"]}]},{"@type":"BreadcrumbList","@id":"https:\/\/www.ramenvalves.com\/sv\/hitta-din-industri\/industrigaser\/lng-flytande-naturgas\/#breadcrumb","itemListElement":[{"@type":"ListItem","position":1,"name":"Home","item":"https:\/\/www.ramenvalves.com\/sv\/"},{"@type":"ListItem","position":2,"name":"Hitta din industri","item":"https:\/\/www.ramenvalves.com\/sv\/hitta-din-industri\/"},{"@type":"ListItem","position":3,"name":"Industrigaser","item":"https:\/\/www.ramenvalves.com\/sv\/hitta-din-industri\/industrigaser\/"},{"@type":"ListItem","position":4,"name":"LNG &#8211; flytande naturgas"}]},{"@type":"WebSite","@id":"https:\/\/www.ramenvalves.com\/#website","url":"https:\/\/www.ramenvalves.com\/","name":"Ramen","description":"Ramen","potentialAction":[{"@type":"SearchAction","target":{"@type":"EntryPoint","urlTemplate":"https:\/\/www.ramenvalves.com\/?s={search_term_string}"},"query-input":{"@type":"PropertyValueSpecification","valueRequired":true,"valueName":"search_term_string"}}],"inLanguage":"sv-SE"}]}},"_links":{"self":[{"href":"https:\/\/www.ramenvalves.com\/sv\/wp-json\/wp\/v2\/pages\/9639","targetHints":{"allow":["GET"]}}],"collection":[{"href":"https:\/\/www.ramenvalves.com\/sv\/wp-json\/wp\/v2\/pages"}],"about":[{"href":"https:\/\/www.ramenvalves.com\/sv\/wp-json\/wp\/v2\/types\/page"}],"author":[{"embeddable":true,"href":"https:\/\/www.ramenvalves.com\/sv\/wp-json\/wp\/v2\/users\/5"}],"replies":[{"embeddable":true,"href":"https:\/\/www.ramenvalves.com\/sv\/wp-json\/wp\/v2\/comments?post=9639"}],"version-history":[{"count":20,"href":"https:\/\/www.ramenvalves.com\/sv\/wp-json\/wp\/v2\/pages\/9639\/revisions"}],"predecessor-version":[{"id":12341,"href":"https:\/\/www.ramenvalves.com\/sv\/wp-json\/wp\/v2\/pages\/9639\/revisions\/12341"}],"up":[{"embeddable":true,"href":"https:\/\/www.ramenvalves.com\/sv\/wp-json\/wp\/v2\/pages\/11516"}],"wp:attachment":[{"href":"https:\/\/www.ramenvalves.com\/sv\/wp-json\/wp\/v2\/media?parent=9639"}],"curies":[{"name":"wp","href":"https:\/\/api.w.org\/{rel}","templated":true}]}}