{"id":9357,"date":"2024-03-14T20:23:18","date_gmt":"2024-03-14T20:23:18","guid":{"rendered":"https:\/\/www.ramenvalves.com\/?page_id=9357"},"modified":"2024-06-20T11:50:14","modified_gmt":"2024-06-20T11:50:14","slug":"strypning-av-avlagringar-fran-fortjockningsmedel-vid-jarnmalmsforadling","status":"publish","type":"page","link":"https:\/\/www.ramenvalves.com\/sv\/strypning-av-avlagringar-fran-fortjockningsmedel-vid-jarnmalmsforadling\/","title":{"rendered":"Strypning av avlagringar fr\u00e5n f\u00f6rtjockningsmedel vid j\u00e4rnmalmsf\u00f6r\u00e4dling"},"content":{"rendered":"","protected":false},"excerpt":{"rendered":"","protected":false},"author":5,"featured_media":0,"parent":0,"menu_order":0,"comment_status":"closed","ping_status":"closed","template":"","meta":{"_acf_changed":false,"footnotes":""},"class_list":["post-9357","page","type-page","status-publish","hentry"],"acf":[],"yoast_head":"<!-- This site is optimized with the Yoast SEO plugin v27.3 - https:\/\/yoast.com\/product\/yoast-seo-wordpress\/ -->\n<title>Strypning av avlagringar fr\u00e5n f\u00f6rtjockningsmedel vid j\u00e4rnmalmsf\u00f6r\u00e4dling - Ramen<\/title>\n<meta name=\"robots\" content=\"index, follow, max-snippet:-1, max-image-preview:large, max-video-preview:-1\" \/>\n<link rel=\"canonical\" href=\"https:\/\/www.ramenvalves.com\/sv\/strypning-av-avlagringar-fran-fortjockningsmedel-vid-jarnmalmsforadling\/\" \/>\n<meta property=\"og:locale\" content=\"sv_SE\" \/>\n<meta property=\"og:type\" content=\"article\" \/>\n<meta property=\"og:title\" content=\"Strypning av avlagringar fr\u00e5n f\u00f6rtjockningsmedel vid j\u00e4rnmalmsf\u00f6r\u00e4dling - Ramen\" \/>\n<meta property=\"og:url\" content=\"https:\/\/www.ramenvalves.com\/sv\/strypning-av-avlagringar-fran-fortjockningsmedel-vid-jarnmalmsforadling\/\" \/>\n<meta property=\"og:site_name\" content=\"Ramen\" \/>\n<meta property=\"article:modified_time\" content=\"2024-06-20T11:50:14+00:00\" \/>\n<meta name=\"twitter:card\" content=\"summary_large_image\" \/>\n<script type=\"application\/ld+json\" class=\"yoast-schema-graph\">{\"@context\":\"https:\\\/\\\/schema.org\",\"@graph\":[{\"@type\":\"WebPage\",\"@id\":\"https:\\\/\\\/www.ramenvalves.com\\\/sv\\\/strypning-av-avlagringar-fran-fortjockningsmedel-vid-jarnmalmsforadling\\\/\",\"url\":\"https:\\\/\\\/www.ramenvalves.com\\\/sv\\\/strypning-av-avlagringar-fran-fortjockningsmedel-vid-jarnmalmsforadling\\\/\",\"name\":\"Strypning av avlagringar fr\u00e5n f\u00f6rtjockningsmedel vid j\u00e4rnmalmsf\u00f6r\u00e4dling - Ramen\",\"isPartOf\":{\"@id\":\"https:\\\/\\\/www.ramenvalves.com\\\/#website\"},\"datePublished\":\"2024-03-14T20:23:18+00:00\",\"dateModified\":\"2024-06-20T11:50:14+00:00\",\"breadcrumb\":{\"@id\":\"https:\\\/\\\/www.ramenvalves.com\\\/sv\\\/strypning-av-avlagringar-fran-fortjockningsmedel-vid-jarnmalmsforadling\\\/#breadcrumb\"},\"inLanguage\":\"sv-SE\",\"potentialAction\":[{\"@type\":\"ReadAction\",\"target\":[\"https:\\\/\\\/www.ramenvalves.com\\\/sv\\\/strypning-av-avlagringar-fran-fortjockningsmedel-vid-jarnmalmsforadling\\\/\"]}]},{\"@type\":\"BreadcrumbList\",\"@id\":\"https:\\\/\\\/www.ramenvalves.com\\\/sv\\\/strypning-av-avlagringar-fran-fortjockningsmedel-vid-jarnmalmsforadling\\\/#breadcrumb\",\"itemListElement\":[{\"@type\":\"ListItem\",\"position\":1,\"name\":\"Home\",\"item\":\"https:\\\/\\\/www.ramenvalves.com\\\/sv\\\/\"},{\"@type\":\"ListItem\",\"position\":2,\"name\":\"Strypning av avlagringar fr\u00e5n f\u00f6rtjockningsmedel vid j\u00e4rnmalmsf\u00f6r\u00e4dling\"}]},{\"@type\":\"WebSite\",\"@id\":\"https:\\\/\\\/www.ramenvalves.com\\\/#website\",\"url\":\"https:\\\/\\\/www.ramenvalves.com\\\/\",\"name\":\"Ramen\",\"description\":\"Ramen\",\"potentialAction\":[{\"@type\":\"SearchAction\",\"target\":{\"@type\":\"EntryPoint\",\"urlTemplate\":\"https:\\\/\\\/www.ramenvalves.com\\\/?s={search_term_string}\"},\"query-input\":{\"@type\":\"PropertyValueSpecification\",\"valueRequired\":true,\"valueName\":\"search_term_string\"}}],\"inLanguage\":\"sv-SE\"}]}<\/script>\n<!-- \/ Yoast SEO plugin. -->","yoast_head_json":{"title":"Strypning av avlagringar fr\u00e5n f\u00f6rtjockningsmedel vid j\u00e4rnmalmsf\u00f6r\u00e4dling - Ramen","robots":{"index":"index","follow":"follow","max-snippet":"max-snippet:-1","max-image-preview":"max-image-preview:large","max-video-preview":"max-video-preview:-1"},"canonical":"https:\/\/www.ramenvalves.com\/sv\/strypning-av-avlagringar-fran-fortjockningsmedel-vid-jarnmalmsforadling\/","og_locale":"sv_SE","og_type":"article","og_title":"Strypning av avlagringar fr\u00e5n f\u00f6rtjockningsmedel vid j\u00e4rnmalmsf\u00f6r\u00e4dling - Ramen","og_url":"https:\/\/www.ramenvalves.com\/sv\/strypning-av-avlagringar-fran-fortjockningsmedel-vid-jarnmalmsforadling\/","og_site_name":"Ramen","article_modified_time":"2024-06-20T11:50:14+00:00","twitter_card":"summary_large_image","schema":{"@context":"https:\/\/schema.org","@graph":[{"@type":"WebPage","@id":"https:\/\/www.ramenvalves.com\/sv\/strypning-av-avlagringar-fran-fortjockningsmedel-vid-jarnmalmsforadling\/","url":"https:\/\/www.ramenvalves.com\/sv\/strypning-av-avlagringar-fran-fortjockningsmedel-vid-jarnmalmsforadling\/","name":"Strypning av avlagringar fr\u00e5n f\u00f6rtjockningsmedel vid j\u00e4rnmalmsf\u00f6r\u00e4dling - Ramen","isPartOf":{"@id":"https:\/\/www.ramenvalves.com\/#website"},"datePublished":"2024-03-14T20:23:18+00:00","dateModified":"2024-06-20T11:50:14+00:00","breadcrumb":{"@id":"https:\/\/www.ramenvalves.com\/sv\/strypning-av-avlagringar-fran-fortjockningsmedel-vid-jarnmalmsforadling\/#breadcrumb"},"inLanguage":"sv-SE","potentialAction":[{"@type":"ReadAction","target":["https:\/\/www.ramenvalves.com\/sv\/strypning-av-avlagringar-fran-fortjockningsmedel-vid-jarnmalmsforadling\/"]}]},{"@type":"BreadcrumbList","@id":"https:\/\/www.ramenvalves.com\/sv\/strypning-av-avlagringar-fran-fortjockningsmedel-vid-jarnmalmsforadling\/#breadcrumb","itemListElement":[{"@type":"ListItem","position":1,"name":"Home","item":"https:\/\/www.ramenvalves.com\/sv\/"},{"@type":"ListItem","position":2,"name":"Strypning av avlagringar fr\u00e5n f\u00f6rtjockningsmedel vid j\u00e4rnmalmsf\u00f6r\u00e4dling"}]},{"@type":"WebSite","@id":"https:\/\/www.ramenvalves.com\/#website","url":"https:\/\/www.ramenvalves.com\/","name":"Ramen","description":"Ramen","potentialAction":[{"@type":"SearchAction","target":{"@type":"EntryPoint","urlTemplate":"https:\/\/www.ramenvalves.com\/?s={search_term_string}"},"query-input":{"@type":"PropertyValueSpecification","valueRequired":true,"valueName":"search_term_string"}}],"inLanguage":"sv-SE"}]}},"_links":{"self":[{"href":"https:\/\/www.ramenvalves.com\/sv\/wp-json\/wp\/v2\/pages\/9357","targetHints":{"allow":["GET"]}}],"collection":[{"href":"https:\/\/www.ramenvalves.com\/sv\/wp-json\/wp\/v2\/pages"}],"about":[{"href":"https:\/\/www.ramenvalves.com\/sv\/wp-json\/wp\/v2\/types\/page"}],"author":[{"embeddable":true,"href":"https:\/\/www.ramenvalves.com\/sv\/wp-json\/wp\/v2\/users\/5"}],"replies":[{"embeddable":true,"href":"https:\/\/www.ramenvalves.com\/sv\/wp-json\/wp\/v2\/comments?post=9357"}],"version-history":[{"count":3,"href":"https:\/\/www.ramenvalves.com\/sv\/wp-json\/wp\/v2\/pages\/9357\/revisions"}],"predecessor-version":[{"id":9975,"href":"https:\/\/www.ramenvalves.com\/sv\/wp-json\/wp\/v2\/pages\/9357\/revisions\/9975"}],"wp:attachment":[{"href":"https:\/\/www.ramenvalves.com\/sv\/wp-json\/wp\/v2\/media?parent=9357"}],"curies":[{"name":"wp","href":"https:\/\/api.w.org\/{rel}","templated":true}]}}