{"id":8732,"date":"2023-08-09T14:15:33","date_gmt":"2023-08-09T14:15:33","guid":{"rendered":"https:\/\/www.ramenvalves.com\/?page_id=8732"},"modified":"2025-09-22T13:50:43","modified_gmt":"2025-09-22T13:50:43","slug":"referenser","status":"publish","type":"page","link":"https:\/\/www.ramenvalves.com\/sv\/om-oss\/referenser\/","title":{"rendered":"Referenser"},"content":{"rendered":"","protected":false},"excerpt":{"rendered":"","protected":false},"author":5,"featured_media":8733,"parent":4924,"menu_order":0,"comment_status":"closed","ping_status":"closed","template":"","meta":{"_acf_changed":false,"footnotes":""},"class_list":["post-8732","page","type-page","status-publish","has-post-thumbnail","hentry"],"acf":[],"yoast_head":"<!-- This site is optimized with the Yoast SEO plugin v27.4 - https:\/\/yoast.com\/product\/yoast-seo-wordpress\/ -->\n<title>Referenser - Ramen<\/title>\n<meta name=\"description\" content=\"H\u00e4r hittar du ett urval av referenser fr\u00e5n v\u00e5ra kunder runt om i v\u00e4rlden och exempel p\u00e5 v\u00e5ra h\u00e5llbara och l\u00f6nsamma ventill\u00f6sningar.\" \/>\n<meta name=\"robots\" content=\"index, follow, max-snippet:-1, max-image-preview:large, max-video-preview:-1\" \/>\n<link rel=\"canonical\" href=\"https:\/\/www.ramenvalves.com\/sv\/om-oss\/referenser\/\" \/>\n<meta property=\"og:locale\" content=\"sv_SE\" \/>\n<meta property=\"og:type\" content=\"article\" \/>\n<meta property=\"og:title\" content=\"Referenser - Ramen\" \/>\n<meta property=\"og:description\" content=\"H\u00e4r hittar du ett urval av referenser fr\u00e5n v\u00e5ra kunder runt om i v\u00e4rlden och exempel p\u00e5 v\u00e5ra h\u00e5llbara och l\u00f6nsamma ventill\u00f6sningar.\" \/>\n<meta property=\"og:url\" content=\"https:\/\/www.ramenvalves.com\/sv\/om-oss\/referenser\/\" \/>\n<meta property=\"og:site_name\" content=\"Ramen\" \/>\n<meta property=\"article:modified_time\" content=\"2025-09-22T13:50:43+00:00\" \/>\n<meta property=\"og:image\" content=\"https:\/\/www.ramenvalves.com\/wp-content\/uploads\/2023\/08\/top-image-references-1.jpg\" \/>\n\t<meta property=\"og:image:width\" content=\"1200\" \/>\n\t<meta property=\"og:image:height\" content=\"296\" \/>\n\t<meta property=\"og:image:type\" content=\"image\/jpeg\" \/>\n<meta name=\"twitter:card\" content=\"summary_large_image\" \/>\n<meta name=\"twitter:label1\" content=\"Ber\u00e4knad l\u00e4stid\" \/>\n\t<meta name=\"twitter:data1\" content=\"1 minut\" \/>\n<script type=\"application\/ld+json\" class=\"yoast-schema-graph\">{\"@context\":\"https:\\\/\\\/schema.org\",\"@graph\":[{\"@type\":\"WebPage\",\"@id\":\"https:\\\/\\\/www.ramenvalves.com\\\/sv\\\/om-oss\\\/referenser\\\/\",\"url\":\"https:\\\/\\\/www.ramenvalves.com\\\/sv\\\/om-oss\\\/referenser\\\/\",\"name\":\"Referenser - Ramen\",\"isPartOf\":{\"@id\":\"https:\\\/\\\/www.ramenvalves.com\\\/#website\"},\"primaryImageOfPage\":{\"@id\":\"https:\\\/\\\/www.ramenvalves.com\\\/sv\\\/om-oss\\\/referenser\\\/#primaryimage\"},\"image\":{\"@id\":\"https:\\\/\\\/www.ramenvalves.com\\\/sv\\\/om-oss\\\/referenser\\\/#primaryimage\"},\"thumbnailUrl\":\"https:\\\/\\\/www.ramenvalves.com\\\/wp-content\\\/uploads\\\/2023\\\/08\\\/top-image-references-1.jpg\",\"datePublished\":\"2023-08-09T14:15:33+00:00\",\"dateModified\":\"2025-09-22T13:50:43+00:00\",\"description\":\"H\u00e4r hittar du ett urval av referenser fr\u00e5n v\u00e5ra kunder runt om i v\u00e4rlden och exempel p\u00e5 v\u00e5ra h\u00e5llbara och l\u00f6nsamma ventill\u00f6sningar.\",\"breadcrumb\":{\"@id\":\"https:\\\/\\\/www.ramenvalves.com\\\/sv\\\/om-oss\\\/referenser\\\/#breadcrumb\"},\"inLanguage\":\"sv-SE\",\"potentialAction\":[{\"@type\":\"ReadAction\",\"target\":[\"https:\\\/\\\/www.ramenvalves.com\\\/sv\\\/om-oss\\\/referenser\\\/\"]}]},{\"@type\":\"ImageObject\",\"inLanguage\":\"sv-SE\",\"@id\":\"https:\\\/\\\/www.ramenvalves.com\\\/sv\\\/om-oss\\\/referenser\\\/#primaryimage\",\"url\":\"https:\\\/\\\/www.ramenvalves.com\\\/wp-content\\\/uploads\\\/2023\\\/08\\\/top-image-references-1.jpg\",\"contentUrl\":\"https:\\\/\\\/www.ramenvalves.com\\\/wp-content\\\/uploads\\\/2023\\\/08\\\/top-image-references-1.jpg\",\"width\":1200,\"height\":296,\"caption\":\"top image references\"},{\"@type\":\"BreadcrumbList\",\"@id\":\"https:\\\/\\\/www.ramenvalves.com\\\/sv\\\/om-oss\\\/referenser\\\/#breadcrumb\",\"itemListElement\":[{\"@type\":\"ListItem\",\"position\":1,\"name\":\"Home\",\"item\":\"https:\\\/\\\/www.ramenvalves.com\\\/sv\\\/\"},{\"@type\":\"ListItem\",\"position\":2,\"name\":\"Om oss\",\"item\":\"https:\\\/\\\/www.ramenvalves.com\\\/sv\\\/om-oss\\\/\"},{\"@type\":\"ListItem\",\"position\":3,\"name\":\"Referenser\"}]},{\"@type\":\"WebSite\",\"@id\":\"https:\\\/\\\/www.ramenvalves.com\\\/#website\",\"url\":\"https:\\\/\\\/www.ramenvalves.com\\\/\",\"name\":\"Ramen\",\"description\":\"Ramen\",\"potentialAction\":[{\"@type\":\"SearchAction\",\"target\":{\"@type\":\"EntryPoint\",\"urlTemplate\":\"https:\\\/\\\/www.ramenvalves.com\\\/?s={search_term_string}\"},\"query-input\":{\"@type\":\"PropertyValueSpecification\",\"valueRequired\":true,\"valueName\":\"search_term_string\"}}],\"inLanguage\":\"sv-SE\"}]}<\/script>\n<!-- \/ Yoast SEO plugin. -->","yoast_head_json":{"title":"Referenser - Ramen","description":"H\u00e4r hittar du ett urval av referenser fr\u00e5n v\u00e5ra kunder runt om i v\u00e4rlden och exempel p\u00e5 v\u00e5ra h\u00e5llbara och l\u00f6nsamma ventill\u00f6sningar.","robots":{"index":"index","follow":"follow","max-snippet":"max-snippet:-1","max-image-preview":"max-image-preview:large","max-video-preview":"max-video-preview:-1"},"canonical":"https:\/\/www.ramenvalves.com\/sv\/om-oss\/referenser\/","og_locale":"sv_SE","og_type":"article","og_title":"Referenser - Ramen","og_description":"H\u00e4r hittar du ett urval av referenser fr\u00e5n v\u00e5ra kunder runt om i v\u00e4rlden och exempel p\u00e5 v\u00e5ra h\u00e5llbara och l\u00f6nsamma ventill\u00f6sningar.","og_url":"https:\/\/www.ramenvalves.com\/sv\/om-oss\/referenser\/","og_site_name":"Ramen","article_modified_time":"2025-09-22T13:50:43+00:00","og_image":[{"width":1200,"height":296,"url":"https:\/\/www.ramenvalves.com\/wp-content\/uploads\/2023\/08\/top-image-references-1.jpg","type":"image\/jpeg"}],"twitter_card":"summary_large_image","twitter_misc":{"Ber\u00e4knad l\u00e4stid":"1 minut"},"schema":{"@context":"https:\/\/schema.org","@graph":[{"@type":"WebPage","@id":"https:\/\/www.ramenvalves.com\/sv\/om-oss\/referenser\/","url":"https:\/\/www.ramenvalves.com\/sv\/om-oss\/referenser\/","name":"Referenser - Ramen","isPartOf":{"@id":"https:\/\/www.ramenvalves.com\/#website"},"primaryImageOfPage":{"@id":"https:\/\/www.ramenvalves.com\/sv\/om-oss\/referenser\/#primaryimage"},"image":{"@id":"https:\/\/www.ramenvalves.com\/sv\/om-oss\/referenser\/#primaryimage"},"thumbnailUrl":"https:\/\/www.ramenvalves.com\/wp-content\/uploads\/2023\/08\/top-image-references-1.jpg","datePublished":"2023-08-09T14:15:33+00:00","dateModified":"2025-09-22T13:50:43+00:00","description":"H\u00e4r hittar du ett urval av referenser fr\u00e5n v\u00e5ra kunder runt om i v\u00e4rlden och exempel p\u00e5 v\u00e5ra h\u00e5llbara och l\u00f6nsamma ventill\u00f6sningar.","breadcrumb":{"@id":"https:\/\/www.ramenvalves.com\/sv\/om-oss\/referenser\/#breadcrumb"},"inLanguage":"sv-SE","potentialAction":[{"@type":"ReadAction","target":["https:\/\/www.ramenvalves.com\/sv\/om-oss\/referenser\/"]}]},{"@type":"ImageObject","inLanguage":"sv-SE","@id":"https:\/\/www.ramenvalves.com\/sv\/om-oss\/referenser\/#primaryimage","url":"https:\/\/www.ramenvalves.com\/wp-content\/uploads\/2023\/08\/top-image-references-1.jpg","contentUrl":"https:\/\/www.ramenvalves.com\/wp-content\/uploads\/2023\/08\/top-image-references-1.jpg","width":1200,"height":296,"caption":"top image references"},{"@type":"BreadcrumbList","@id":"https:\/\/www.ramenvalves.com\/sv\/om-oss\/referenser\/#breadcrumb","itemListElement":[{"@type":"ListItem","position":1,"name":"Home","item":"https:\/\/www.ramenvalves.com\/sv\/"},{"@type":"ListItem","position":2,"name":"Om oss","item":"https:\/\/www.ramenvalves.com\/sv\/om-oss\/"},{"@type":"ListItem","position":3,"name":"Referenser"}]},{"@type":"WebSite","@id":"https:\/\/www.ramenvalves.com\/#website","url":"https:\/\/www.ramenvalves.com\/","name":"Ramen","description":"Ramen","potentialAction":[{"@type":"SearchAction","target":{"@type":"EntryPoint","urlTemplate":"https:\/\/www.ramenvalves.com\/?s={search_term_string}"},"query-input":{"@type":"PropertyValueSpecification","valueRequired":true,"valueName":"search_term_string"}}],"inLanguage":"sv-SE"}]}},"_links":{"self":[{"href":"https:\/\/www.ramenvalves.com\/sv\/wp-json\/wp\/v2\/pages\/8732","targetHints":{"allow":["GET"]}}],"collection":[{"href":"https:\/\/www.ramenvalves.com\/sv\/wp-json\/wp\/v2\/pages"}],"about":[{"href":"https:\/\/www.ramenvalves.com\/sv\/wp-json\/wp\/v2\/types\/page"}],"author":[{"embeddable":true,"href":"https:\/\/www.ramenvalves.com\/sv\/wp-json\/wp\/v2\/users\/5"}],"replies":[{"embeddable":true,"href":"https:\/\/www.ramenvalves.com\/sv\/wp-json\/wp\/v2\/comments?post=8732"}],"version-history":[{"count":23,"href":"https:\/\/www.ramenvalves.com\/sv\/wp-json\/wp\/v2\/pages\/8732\/revisions"}],"predecessor-version":[{"id":12326,"href":"https:\/\/www.ramenvalves.com\/sv\/wp-json\/wp\/v2\/pages\/8732\/revisions\/12326"}],"up":[{"embeddable":true,"href":"https:\/\/www.ramenvalves.com\/sv\/wp-json\/wp\/v2\/pages\/4924"}],"wp:featuredmedia":[{"embeddable":true,"href":"https:\/\/www.ramenvalves.com\/sv\/wp-json\/wp\/v2\/media\/8733"}],"wp:attachment":[{"href":"https:\/\/www.ramenvalves.com\/sv\/wp-json\/wp\/v2\/media?parent=8732"}],"curies":[{"name":"wp","href":"https:\/\/api.w.org\/{rel}","templated":true}]}}