{"id":7985,"date":"2022-11-22T14:37:22","date_gmt":"2022-11-22T14:37:22","guid":{"rendered":"https:\/\/www.ramenvalves.com\/?page_id=7985"},"modified":"2025-05-08T12:30:28","modified_gmt":"2025-05-08T12:30:28","slug":"sakerhetsventiler-for-vatgas","status":"publish","type":"page","link":"https:\/\/www.ramenvalves.com\/sv\/allt-om-sakerhetsventiler\/sakerhetsventiler-for-vatgas\/","title":{"rendered":"S\u00e4kerhetsventiler f\u00f6r v\u00e4tgas"},"content":{"rendered":"","protected":false},"excerpt":{"rendered":"","protected":false},"author":5,"featured_media":0,"parent":7865,"menu_order":0,"comment_status":"closed","ping_status":"closed","template":"","meta":{"_acf_changed":false,"footnotes":""},"class_list":["post-7985","page","type-page","status-publish","hentry"],"acf":[],"yoast_head":"<!-- This site is optimized with the Yoast SEO plugin v27.3 - https:\/\/yoast.com\/product\/yoast-seo-wordpress\/ -->\n<title>S\u00e4kerhetsventiler f\u00f6r v\u00e4tgas I Hitta r\u00e4tt ventil f\u00f6r din applikation<\/title>\n<meta name=\"description\" content=\"S\u00e4kerhetsventiler f\u00f6r v\u00e4tgas som skyddar alla steg i v\u00e4rdekedjan fr\u00e5n \u00f6vertryck. Fr\u00e5n lagring till transport av v\u00e4tgas - Vi hj\u00e4lper dig.\" \/>\n<meta name=\"robots\" content=\"index, follow, max-snippet:-1, max-image-preview:large, max-video-preview:-1\" \/>\n<link rel=\"canonical\" href=\"https:\/\/www.ramenvalves.com\/sv\/allt-om-sakerhetsventiler\/sakerhetsventiler-for-vatgas\/\" \/>\n<meta property=\"og:locale\" content=\"sv_SE\" \/>\n<meta property=\"og:type\" content=\"article\" \/>\n<meta property=\"og:title\" content=\"S\u00e4kerhetsventiler f\u00f6r v\u00e4tgas I Hitta r\u00e4tt ventil f\u00f6r din applikation\" \/>\n<meta property=\"og:description\" content=\"S\u00e4kerhetsventiler f\u00f6r v\u00e4tgas som skyddar alla steg i v\u00e4rdekedjan fr\u00e5n \u00f6vertryck. Fr\u00e5n lagring till transport av v\u00e4tgas - Vi hj\u00e4lper dig.\" \/>\n<meta property=\"og:url\" content=\"https:\/\/www.ramenvalves.com\/sv\/allt-om-sakerhetsventiler\/sakerhetsventiler-for-vatgas\/\" \/>\n<meta property=\"og:site_name\" content=\"Ramen\" \/>\n<meta property=\"article:modified_time\" content=\"2025-05-08T12:30:28+00:00\" \/>\n<meta name=\"twitter:card\" content=\"summary_large_image\" \/>\n<script type=\"application\/ld+json\" class=\"yoast-schema-graph\">{\"@context\":\"https:\\\/\\\/schema.org\",\"@graph\":[{\"@type\":\"WebPage\",\"@id\":\"https:\\\/\\\/www.ramenvalves.com\\\/sv\\\/allt-om-sakerhetsventiler\\\/sakerhetsventiler-for-vatgas\\\/\",\"url\":\"https:\\\/\\\/www.ramenvalves.com\\\/sv\\\/allt-om-sakerhetsventiler\\\/sakerhetsventiler-for-vatgas\\\/\",\"name\":\"S\u00e4kerhetsventiler f\u00f6r v\u00e4tgas I Hitta r\u00e4tt ventil f\u00f6r din applikation\",\"isPartOf\":{\"@id\":\"https:\\\/\\\/www.ramenvalves.com\\\/#website\"},\"datePublished\":\"2022-11-22T14:37:22+00:00\",\"dateModified\":\"2025-05-08T12:30:28+00:00\",\"description\":\"S\u00e4kerhetsventiler f\u00f6r v\u00e4tgas som skyddar alla steg i v\u00e4rdekedjan fr\u00e5n \u00f6vertryck. Fr\u00e5n lagring till transport av v\u00e4tgas - Vi hj\u00e4lper dig.\",\"breadcrumb\":{\"@id\":\"https:\\\/\\\/www.ramenvalves.com\\\/sv\\\/allt-om-sakerhetsventiler\\\/sakerhetsventiler-for-vatgas\\\/#breadcrumb\"},\"inLanguage\":\"sv-SE\",\"potentialAction\":[{\"@type\":\"ReadAction\",\"target\":[\"https:\\\/\\\/www.ramenvalves.com\\\/sv\\\/allt-om-sakerhetsventiler\\\/sakerhetsventiler-for-vatgas\\\/\"]}]},{\"@type\":\"BreadcrumbList\",\"@id\":\"https:\\\/\\\/www.ramenvalves.com\\\/sv\\\/allt-om-sakerhetsventiler\\\/sakerhetsventiler-for-vatgas\\\/#breadcrumb\",\"itemListElement\":[{\"@type\":\"ListItem\",\"position\":1,\"name\":\"Home\",\"item\":\"https:\\\/\\\/www.ramenvalves.com\\\/sv\\\/\"},{\"@type\":\"ListItem\",\"position\":2,\"name\":\"Allt om s\u00e4kerhetsventiler\",\"item\":\"https:\\\/\\\/www.ramenvalves.com\\\/sv\\\/allt-om-sakerhetsventiler\\\/\"},{\"@type\":\"ListItem\",\"position\":3,\"name\":\"S\u00e4kerhetsventiler f\u00f6r v\u00e4tgas\"}]},{\"@type\":\"WebSite\",\"@id\":\"https:\\\/\\\/www.ramenvalves.com\\\/#website\",\"url\":\"https:\\\/\\\/www.ramenvalves.com\\\/\",\"name\":\"Ramen\",\"description\":\"Ramen\",\"potentialAction\":[{\"@type\":\"SearchAction\",\"target\":{\"@type\":\"EntryPoint\",\"urlTemplate\":\"https:\\\/\\\/www.ramenvalves.com\\\/?s={search_term_string}\"},\"query-input\":{\"@type\":\"PropertyValueSpecification\",\"valueRequired\":true,\"valueName\":\"search_term_string\"}}],\"inLanguage\":\"sv-SE\"}]}<\/script>\n<!-- \/ Yoast SEO plugin. -->","yoast_head_json":{"title":"S\u00e4kerhetsventiler f\u00f6r v\u00e4tgas I Hitta r\u00e4tt ventil f\u00f6r din applikation","description":"S\u00e4kerhetsventiler f\u00f6r v\u00e4tgas som skyddar alla steg i v\u00e4rdekedjan fr\u00e5n \u00f6vertryck. Fr\u00e5n lagring till transport av v\u00e4tgas - Vi hj\u00e4lper dig.","robots":{"index":"index","follow":"follow","max-snippet":"max-snippet:-1","max-image-preview":"max-image-preview:large","max-video-preview":"max-video-preview:-1"},"canonical":"https:\/\/www.ramenvalves.com\/sv\/allt-om-sakerhetsventiler\/sakerhetsventiler-for-vatgas\/","og_locale":"sv_SE","og_type":"article","og_title":"S\u00e4kerhetsventiler f\u00f6r v\u00e4tgas I Hitta r\u00e4tt ventil f\u00f6r din applikation","og_description":"S\u00e4kerhetsventiler f\u00f6r v\u00e4tgas som skyddar alla steg i v\u00e4rdekedjan fr\u00e5n \u00f6vertryck. Fr\u00e5n lagring till transport av v\u00e4tgas - Vi hj\u00e4lper dig.","og_url":"https:\/\/www.ramenvalves.com\/sv\/allt-om-sakerhetsventiler\/sakerhetsventiler-for-vatgas\/","og_site_name":"Ramen","article_modified_time":"2025-05-08T12:30:28+00:00","twitter_card":"summary_large_image","schema":{"@context":"https:\/\/schema.org","@graph":[{"@type":"WebPage","@id":"https:\/\/www.ramenvalves.com\/sv\/allt-om-sakerhetsventiler\/sakerhetsventiler-for-vatgas\/","url":"https:\/\/www.ramenvalves.com\/sv\/allt-om-sakerhetsventiler\/sakerhetsventiler-for-vatgas\/","name":"S\u00e4kerhetsventiler f\u00f6r v\u00e4tgas I Hitta r\u00e4tt ventil f\u00f6r din applikation","isPartOf":{"@id":"https:\/\/www.ramenvalves.com\/#website"},"datePublished":"2022-11-22T14:37:22+00:00","dateModified":"2025-05-08T12:30:28+00:00","description":"S\u00e4kerhetsventiler f\u00f6r v\u00e4tgas som skyddar alla steg i v\u00e4rdekedjan fr\u00e5n \u00f6vertryck. Fr\u00e5n lagring till transport av v\u00e4tgas - Vi hj\u00e4lper dig.","breadcrumb":{"@id":"https:\/\/www.ramenvalves.com\/sv\/allt-om-sakerhetsventiler\/sakerhetsventiler-for-vatgas\/#breadcrumb"},"inLanguage":"sv-SE","potentialAction":[{"@type":"ReadAction","target":["https:\/\/www.ramenvalves.com\/sv\/allt-om-sakerhetsventiler\/sakerhetsventiler-for-vatgas\/"]}]},{"@type":"BreadcrumbList","@id":"https:\/\/www.ramenvalves.com\/sv\/allt-om-sakerhetsventiler\/sakerhetsventiler-for-vatgas\/#breadcrumb","itemListElement":[{"@type":"ListItem","position":1,"name":"Home","item":"https:\/\/www.ramenvalves.com\/sv\/"},{"@type":"ListItem","position":2,"name":"Allt om s\u00e4kerhetsventiler","item":"https:\/\/www.ramenvalves.com\/sv\/allt-om-sakerhetsventiler\/"},{"@type":"ListItem","position":3,"name":"S\u00e4kerhetsventiler f\u00f6r v\u00e4tgas"}]},{"@type":"WebSite","@id":"https:\/\/www.ramenvalves.com\/#website","url":"https:\/\/www.ramenvalves.com\/","name":"Ramen","description":"Ramen","potentialAction":[{"@type":"SearchAction","target":{"@type":"EntryPoint","urlTemplate":"https:\/\/www.ramenvalves.com\/?s={search_term_string}"},"query-input":{"@type":"PropertyValueSpecification","valueRequired":true,"valueName":"search_term_string"}}],"inLanguage":"sv-SE"}]}},"_links":{"self":[{"href":"https:\/\/www.ramenvalves.com\/sv\/wp-json\/wp\/v2\/pages\/7985","targetHints":{"allow":["GET"]}}],"collection":[{"href":"https:\/\/www.ramenvalves.com\/sv\/wp-json\/wp\/v2\/pages"}],"about":[{"href":"https:\/\/www.ramenvalves.com\/sv\/wp-json\/wp\/v2\/types\/page"}],"author":[{"embeddable":true,"href":"https:\/\/www.ramenvalves.com\/sv\/wp-json\/wp\/v2\/users\/5"}],"replies":[{"embeddable":true,"href":"https:\/\/www.ramenvalves.com\/sv\/wp-json\/wp\/v2\/comments?post=7985"}],"version-history":[{"count":19,"href":"https:\/\/www.ramenvalves.com\/sv\/wp-json\/wp\/v2\/pages\/7985\/revisions"}],"predecessor-version":[{"id":11907,"href":"https:\/\/www.ramenvalves.com\/sv\/wp-json\/wp\/v2\/pages\/7985\/revisions\/11907"}],"up":[{"embeddable":true,"href":"https:\/\/www.ramenvalves.com\/sv\/wp-json\/wp\/v2\/pages\/7865"}],"wp:attachment":[{"href":"https:\/\/www.ramenvalves.com\/sv\/wp-json\/wp\/v2\/media?parent=7985"}],"curies":[{"name":"wp","href":"https:\/\/api.w.org\/{rel}","templated":true}]}}