{"id":7929,"date":"2022-10-13T08:57:49","date_gmt":"2022-10-13T08:57:49","guid":{"rendered":"https:\/\/www.ramenvalves.com\/?page_id=7929"},"modified":"2025-05-08T12:21:07","modified_gmt":"2025-05-08T12:21:07","slug":"sakerhetsventiler-for-industri","status":"publish","type":"page","link":"https:\/\/www.ramenvalves.com\/sv\/allt-om-sakerhetsventiler\/sakerhetsventiler-for-industri\/","title":{"rendered":"S\u00e4kerhetsventiler f\u00f6r industri"},"content":{"rendered":"","protected":false},"excerpt":{"rendered":"","protected":false},"author":5,"featured_media":0,"parent":7865,"menu_order":0,"comment_status":"closed","ping_status":"closed","template":"","meta":{"_acf_changed":false,"footnotes":""},"class_list":["post-7929","page","type-page","status-publish","hentry"],"acf":[],"yoast_head":"<!-- This site is optimized with the Yoast SEO plugin v27.3 - https:\/\/yoast.com\/product\/yoast-seo-wordpress\/ -->\n<title>S\u00e4kerhetsventiler industri I Applikationer inom \u00e5nga, gas &amp; v\u00e4tskor<\/title>\n<meta name=\"description\" content=\"S\u00e4kerhetsventiler f\u00f6r industri fr\u00e5n HEROSE skyddar utrustning i trycksatta system fr\u00e5n \u00f6vertryck och v\u00e4rmeutvidgning.\" \/>\n<meta name=\"robots\" content=\"index, follow, max-snippet:-1, max-image-preview:large, max-video-preview:-1\" \/>\n<link rel=\"canonical\" href=\"https:\/\/www.ramenvalves.com\/sv\/allt-om-sakerhetsventiler\/sakerhetsventiler-for-industri\/\" \/>\n<meta property=\"og:locale\" content=\"sv_SE\" \/>\n<meta property=\"og:type\" content=\"article\" \/>\n<meta property=\"og:title\" content=\"S\u00e4kerhetsventiler industri I Applikationer inom \u00e5nga, gas &amp; v\u00e4tskor\" \/>\n<meta property=\"og:description\" content=\"S\u00e4kerhetsventiler f\u00f6r industri fr\u00e5n HEROSE skyddar utrustning i trycksatta system fr\u00e5n \u00f6vertryck och v\u00e4rmeutvidgning.\" \/>\n<meta property=\"og:url\" content=\"https:\/\/www.ramenvalves.com\/sv\/allt-om-sakerhetsventiler\/sakerhetsventiler-for-industri\/\" \/>\n<meta property=\"og:site_name\" content=\"Ramen\" \/>\n<meta property=\"article:modified_time\" content=\"2025-05-08T12:21:07+00:00\" \/>\n<meta name=\"twitter:card\" content=\"summary_large_image\" \/>\n<script type=\"application\/ld+json\" class=\"yoast-schema-graph\">{\"@context\":\"https:\\\/\\\/schema.org\",\"@graph\":[{\"@type\":\"WebPage\",\"@id\":\"https:\\\/\\\/www.ramenvalves.com\\\/sv\\\/allt-om-sakerhetsventiler\\\/sakerhetsventiler-for-industri\\\/\",\"url\":\"https:\\\/\\\/www.ramenvalves.com\\\/sv\\\/allt-om-sakerhetsventiler\\\/sakerhetsventiler-for-industri\\\/\",\"name\":\"S\u00e4kerhetsventiler industri I Applikationer inom \u00e5nga, gas & v\u00e4tskor\",\"isPartOf\":{\"@id\":\"https:\\\/\\\/www.ramenvalves.com\\\/#website\"},\"datePublished\":\"2022-10-13T08:57:49+00:00\",\"dateModified\":\"2025-05-08T12:21:07+00:00\",\"description\":\"S\u00e4kerhetsventiler f\u00f6r industri fr\u00e5n HEROSE skyddar utrustning i trycksatta system fr\u00e5n \u00f6vertryck och v\u00e4rmeutvidgning.\",\"breadcrumb\":{\"@id\":\"https:\\\/\\\/www.ramenvalves.com\\\/sv\\\/allt-om-sakerhetsventiler\\\/sakerhetsventiler-for-industri\\\/#breadcrumb\"},\"inLanguage\":\"sv-SE\",\"potentialAction\":[{\"@type\":\"ReadAction\",\"target\":[\"https:\\\/\\\/www.ramenvalves.com\\\/sv\\\/allt-om-sakerhetsventiler\\\/sakerhetsventiler-for-industri\\\/\"]}]},{\"@type\":\"BreadcrumbList\",\"@id\":\"https:\\\/\\\/www.ramenvalves.com\\\/sv\\\/allt-om-sakerhetsventiler\\\/sakerhetsventiler-for-industri\\\/#breadcrumb\",\"itemListElement\":[{\"@type\":\"ListItem\",\"position\":1,\"name\":\"Home\",\"item\":\"https:\\\/\\\/www.ramenvalves.com\\\/sv\\\/\"},{\"@type\":\"ListItem\",\"position\":2,\"name\":\"Allt om s\u00e4kerhetsventiler\",\"item\":\"https:\\\/\\\/www.ramenvalves.com\\\/sv\\\/allt-om-sakerhetsventiler\\\/\"},{\"@type\":\"ListItem\",\"position\":3,\"name\":\"S\u00e4kerhetsventiler f\u00f6r industri\"}]},{\"@type\":\"WebSite\",\"@id\":\"https:\\\/\\\/www.ramenvalves.com\\\/#website\",\"url\":\"https:\\\/\\\/www.ramenvalves.com\\\/\",\"name\":\"Ramen\",\"description\":\"Ramen\",\"potentialAction\":[{\"@type\":\"SearchAction\",\"target\":{\"@type\":\"EntryPoint\",\"urlTemplate\":\"https:\\\/\\\/www.ramenvalves.com\\\/?s={search_term_string}\"},\"query-input\":{\"@type\":\"PropertyValueSpecification\",\"valueRequired\":true,\"valueName\":\"search_term_string\"}}],\"inLanguage\":\"sv-SE\"}]}<\/script>\n<!-- \/ Yoast SEO plugin. -->","yoast_head_json":{"title":"S\u00e4kerhetsventiler industri I Applikationer inom \u00e5nga, gas & v\u00e4tskor","description":"S\u00e4kerhetsventiler f\u00f6r industri fr\u00e5n HEROSE skyddar utrustning i trycksatta system fr\u00e5n \u00f6vertryck och v\u00e4rmeutvidgning.","robots":{"index":"index","follow":"follow","max-snippet":"max-snippet:-1","max-image-preview":"max-image-preview:large","max-video-preview":"max-video-preview:-1"},"canonical":"https:\/\/www.ramenvalves.com\/sv\/allt-om-sakerhetsventiler\/sakerhetsventiler-for-industri\/","og_locale":"sv_SE","og_type":"article","og_title":"S\u00e4kerhetsventiler industri I Applikationer inom \u00e5nga, gas & v\u00e4tskor","og_description":"S\u00e4kerhetsventiler f\u00f6r industri fr\u00e5n HEROSE skyddar utrustning i trycksatta system fr\u00e5n \u00f6vertryck och v\u00e4rmeutvidgning.","og_url":"https:\/\/www.ramenvalves.com\/sv\/allt-om-sakerhetsventiler\/sakerhetsventiler-for-industri\/","og_site_name":"Ramen","article_modified_time":"2025-05-08T12:21:07+00:00","twitter_card":"summary_large_image","schema":{"@context":"https:\/\/schema.org","@graph":[{"@type":"WebPage","@id":"https:\/\/www.ramenvalves.com\/sv\/allt-om-sakerhetsventiler\/sakerhetsventiler-for-industri\/","url":"https:\/\/www.ramenvalves.com\/sv\/allt-om-sakerhetsventiler\/sakerhetsventiler-for-industri\/","name":"S\u00e4kerhetsventiler industri I Applikationer inom \u00e5nga, gas & v\u00e4tskor","isPartOf":{"@id":"https:\/\/www.ramenvalves.com\/#website"},"datePublished":"2022-10-13T08:57:49+00:00","dateModified":"2025-05-08T12:21:07+00:00","description":"S\u00e4kerhetsventiler f\u00f6r industri fr\u00e5n HEROSE skyddar utrustning i trycksatta system fr\u00e5n \u00f6vertryck och v\u00e4rmeutvidgning.","breadcrumb":{"@id":"https:\/\/www.ramenvalves.com\/sv\/allt-om-sakerhetsventiler\/sakerhetsventiler-for-industri\/#breadcrumb"},"inLanguage":"sv-SE","potentialAction":[{"@type":"ReadAction","target":["https:\/\/www.ramenvalves.com\/sv\/allt-om-sakerhetsventiler\/sakerhetsventiler-for-industri\/"]}]},{"@type":"BreadcrumbList","@id":"https:\/\/www.ramenvalves.com\/sv\/allt-om-sakerhetsventiler\/sakerhetsventiler-for-industri\/#breadcrumb","itemListElement":[{"@type":"ListItem","position":1,"name":"Home","item":"https:\/\/www.ramenvalves.com\/sv\/"},{"@type":"ListItem","position":2,"name":"Allt om s\u00e4kerhetsventiler","item":"https:\/\/www.ramenvalves.com\/sv\/allt-om-sakerhetsventiler\/"},{"@type":"ListItem","position":3,"name":"S\u00e4kerhetsventiler f\u00f6r industri"}]},{"@type":"WebSite","@id":"https:\/\/www.ramenvalves.com\/#website","url":"https:\/\/www.ramenvalves.com\/","name":"Ramen","description":"Ramen","potentialAction":[{"@type":"SearchAction","target":{"@type":"EntryPoint","urlTemplate":"https:\/\/www.ramenvalves.com\/?s={search_term_string}"},"query-input":{"@type":"PropertyValueSpecification","valueRequired":true,"valueName":"search_term_string"}}],"inLanguage":"sv-SE"}]}},"_links":{"self":[{"href":"https:\/\/www.ramenvalves.com\/sv\/wp-json\/wp\/v2\/pages\/7929","targetHints":{"allow":["GET"]}}],"collection":[{"href":"https:\/\/www.ramenvalves.com\/sv\/wp-json\/wp\/v2\/pages"}],"about":[{"href":"https:\/\/www.ramenvalves.com\/sv\/wp-json\/wp\/v2\/types\/page"}],"author":[{"embeddable":true,"href":"https:\/\/www.ramenvalves.com\/sv\/wp-json\/wp\/v2\/users\/5"}],"replies":[{"embeddable":true,"href":"https:\/\/www.ramenvalves.com\/sv\/wp-json\/wp\/v2\/comments?post=7929"}],"version-history":[{"count":10,"href":"https:\/\/www.ramenvalves.com\/sv\/wp-json\/wp\/v2\/pages\/7929\/revisions"}],"predecessor-version":[{"id":11903,"href":"https:\/\/www.ramenvalves.com\/sv\/wp-json\/wp\/v2\/pages\/7929\/revisions\/11903"}],"up":[{"embeddable":true,"href":"https:\/\/www.ramenvalves.com\/sv\/wp-json\/wp\/v2\/pages\/7865"}],"wp:attachment":[{"href":"https:\/\/www.ramenvalves.com\/sv\/wp-json\/wp\/v2\/media?parent=7929"}],"curies":[{"name":"wp","href":"https:\/\/api.w.org\/{rel}","templated":true}]}}