{"id":7897,"date":"2022-10-13T08:58:27","date_gmt":"2022-10-13T08:58:27","guid":{"rendered":"https:\/\/www.ramenvalves.com\/?page_id=7897"},"modified":"2025-05-08T12:28:58","modified_gmt":"2025-05-08T12:28:58","slug":"sakerhetsventiler-for-tryckluft-och-komprimerad-gas","status":"publish","type":"page","link":"https:\/\/www.ramenvalves.com\/sv\/allt-om-sakerhetsventiler\/sakerhetsventiler-for-tryckluft-och-komprimerad-gas\/","title":{"rendered":"S\u00e4kerhetsventiler f\u00f6r tryckluft och komprimerad gas"},"content":{"rendered":"","protected":false},"excerpt":{"rendered":"","protected":false},"author":5,"featured_media":0,"parent":7865,"menu_order":0,"comment_status":"closed","ping_status":"closed","template":"","meta":{"_acf_changed":false,"footnotes":""},"class_list":["post-7897","page","type-page","status-publish","hentry"],"acf":[],"yoast_head":"<!-- This site is optimized with the Yoast SEO plugin v27.4 - https:\/\/yoast.com\/product\/yoast-seo-wordpress\/ -->\n<title>S\u00e4kerhetsventiler kompressor &amp; komprimerad gas fr\u00e5n HEROSE<\/title>\n<meta name=\"description\" content=\"H\u00e4r hittar du s\u00e4kerhetsventiler fr\u00e5n HEROSE som vi p\u00e5 Ram\u00e9n Valves rekommenderar f\u00f6r kompressorer och applikationer med komprimerad gas.\" \/>\n<meta name=\"robots\" content=\"index, follow, max-snippet:-1, max-image-preview:large, max-video-preview:-1\" \/>\n<link rel=\"canonical\" href=\"https:\/\/www.ramenvalves.com\/sv\/allt-om-sakerhetsventiler\/sakerhetsventiler-for-tryckluft-och-komprimerad-gas\/\" \/>\n<meta property=\"og:locale\" content=\"sv_SE\" \/>\n<meta property=\"og:type\" content=\"article\" \/>\n<meta property=\"og:title\" content=\"S\u00e4kerhetsventiler kompressor &amp; komprimerad gas fr\u00e5n HEROSE\" \/>\n<meta property=\"og:description\" content=\"H\u00e4r hittar du s\u00e4kerhetsventiler fr\u00e5n HEROSE som vi p\u00e5 Ram\u00e9n Valves rekommenderar f\u00f6r kompressorer och applikationer med komprimerad gas.\" \/>\n<meta property=\"og:url\" content=\"https:\/\/www.ramenvalves.com\/sv\/allt-om-sakerhetsventiler\/sakerhetsventiler-for-tryckluft-och-komprimerad-gas\/\" \/>\n<meta property=\"og:site_name\" content=\"Ramen\" \/>\n<meta property=\"article:modified_time\" content=\"2025-05-08T12:28:58+00:00\" \/>\n<meta name=\"twitter:card\" content=\"summary_large_image\" \/>\n<script type=\"application\/ld+json\" class=\"yoast-schema-graph\">{\"@context\":\"https:\\\/\\\/schema.org\",\"@graph\":[{\"@type\":\"WebPage\",\"@id\":\"https:\\\/\\\/www.ramenvalves.com\\\/sv\\\/allt-om-sakerhetsventiler\\\/sakerhetsventiler-for-tryckluft-och-komprimerad-gas\\\/\",\"url\":\"https:\\\/\\\/www.ramenvalves.com\\\/sv\\\/allt-om-sakerhetsventiler\\\/sakerhetsventiler-for-tryckluft-och-komprimerad-gas\\\/\",\"name\":\"S\u00e4kerhetsventiler kompressor & komprimerad gas fr\u00e5n HEROSE\",\"isPartOf\":{\"@id\":\"https:\\\/\\\/www.ramenvalves.com\\\/#website\"},\"datePublished\":\"2022-10-13T08:58:27+00:00\",\"dateModified\":\"2025-05-08T12:28:58+00:00\",\"description\":\"H\u00e4r hittar du s\u00e4kerhetsventiler fr\u00e5n HEROSE som vi p\u00e5 Ram\u00e9n Valves rekommenderar f\u00f6r kompressorer och applikationer med komprimerad gas.\",\"breadcrumb\":{\"@id\":\"https:\\\/\\\/www.ramenvalves.com\\\/sv\\\/allt-om-sakerhetsventiler\\\/sakerhetsventiler-for-tryckluft-och-komprimerad-gas\\\/#breadcrumb\"},\"inLanguage\":\"sv-SE\",\"potentialAction\":[{\"@type\":\"ReadAction\",\"target\":[\"https:\\\/\\\/www.ramenvalves.com\\\/sv\\\/allt-om-sakerhetsventiler\\\/sakerhetsventiler-for-tryckluft-och-komprimerad-gas\\\/\"]}]},{\"@type\":\"BreadcrumbList\",\"@id\":\"https:\\\/\\\/www.ramenvalves.com\\\/sv\\\/allt-om-sakerhetsventiler\\\/sakerhetsventiler-for-tryckluft-och-komprimerad-gas\\\/#breadcrumb\",\"itemListElement\":[{\"@type\":\"ListItem\",\"position\":1,\"name\":\"Home\",\"item\":\"https:\\\/\\\/www.ramenvalves.com\\\/sv\\\/\"},{\"@type\":\"ListItem\",\"position\":2,\"name\":\"Allt om s\u00e4kerhetsventiler\",\"item\":\"https:\\\/\\\/www.ramenvalves.com\\\/sv\\\/allt-om-sakerhetsventiler\\\/\"},{\"@type\":\"ListItem\",\"position\":3,\"name\":\"S\u00e4kerhetsventiler f\u00f6r tryckluft och komprimerad gas\"}]},{\"@type\":\"WebSite\",\"@id\":\"https:\\\/\\\/www.ramenvalves.com\\\/#website\",\"url\":\"https:\\\/\\\/www.ramenvalves.com\\\/\",\"name\":\"Ramen\",\"description\":\"Ramen\",\"potentialAction\":[{\"@type\":\"SearchAction\",\"target\":{\"@type\":\"EntryPoint\",\"urlTemplate\":\"https:\\\/\\\/www.ramenvalves.com\\\/?s={search_term_string}\"},\"query-input\":{\"@type\":\"PropertyValueSpecification\",\"valueRequired\":true,\"valueName\":\"search_term_string\"}}],\"inLanguage\":\"sv-SE\"}]}<\/script>\n<!-- \/ Yoast SEO plugin. -->","yoast_head_json":{"title":"S\u00e4kerhetsventiler kompressor & komprimerad gas fr\u00e5n HEROSE","description":"H\u00e4r hittar du s\u00e4kerhetsventiler fr\u00e5n HEROSE som vi p\u00e5 Ram\u00e9n Valves rekommenderar f\u00f6r kompressorer och applikationer med komprimerad gas.","robots":{"index":"index","follow":"follow","max-snippet":"max-snippet:-1","max-image-preview":"max-image-preview:large","max-video-preview":"max-video-preview:-1"},"canonical":"https:\/\/www.ramenvalves.com\/sv\/allt-om-sakerhetsventiler\/sakerhetsventiler-for-tryckluft-och-komprimerad-gas\/","og_locale":"sv_SE","og_type":"article","og_title":"S\u00e4kerhetsventiler kompressor & komprimerad gas fr\u00e5n HEROSE","og_description":"H\u00e4r hittar du s\u00e4kerhetsventiler fr\u00e5n HEROSE som vi p\u00e5 Ram\u00e9n Valves rekommenderar f\u00f6r kompressorer och applikationer med komprimerad gas.","og_url":"https:\/\/www.ramenvalves.com\/sv\/allt-om-sakerhetsventiler\/sakerhetsventiler-for-tryckluft-och-komprimerad-gas\/","og_site_name":"Ramen","article_modified_time":"2025-05-08T12:28:58+00:00","twitter_card":"summary_large_image","schema":{"@context":"https:\/\/schema.org","@graph":[{"@type":"WebPage","@id":"https:\/\/www.ramenvalves.com\/sv\/allt-om-sakerhetsventiler\/sakerhetsventiler-for-tryckluft-och-komprimerad-gas\/","url":"https:\/\/www.ramenvalves.com\/sv\/allt-om-sakerhetsventiler\/sakerhetsventiler-for-tryckluft-och-komprimerad-gas\/","name":"S\u00e4kerhetsventiler kompressor & komprimerad gas fr\u00e5n HEROSE","isPartOf":{"@id":"https:\/\/www.ramenvalves.com\/#website"},"datePublished":"2022-10-13T08:58:27+00:00","dateModified":"2025-05-08T12:28:58+00:00","description":"H\u00e4r hittar du s\u00e4kerhetsventiler fr\u00e5n HEROSE som vi p\u00e5 Ram\u00e9n Valves rekommenderar f\u00f6r kompressorer och applikationer med komprimerad gas.","breadcrumb":{"@id":"https:\/\/www.ramenvalves.com\/sv\/allt-om-sakerhetsventiler\/sakerhetsventiler-for-tryckluft-och-komprimerad-gas\/#breadcrumb"},"inLanguage":"sv-SE","potentialAction":[{"@type":"ReadAction","target":["https:\/\/www.ramenvalves.com\/sv\/allt-om-sakerhetsventiler\/sakerhetsventiler-for-tryckluft-och-komprimerad-gas\/"]}]},{"@type":"BreadcrumbList","@id":"https:\/\/www.ramenvalves.com\/sv\/allt-om-sakerhetsventiler\/sakerhetsventiler-for-tryckluft-och-komprimerad-gas\/#breadcrumb","itemListElement":[{"@type":"ListItem","position":1,"name":"Home","item":"https:\/\/www.ramenvalves.com\/sv\/"},{"@type":"ListItem","position":2,"name":"Allt om s\u00e4kerhetsventiler","item":"https:\/\/www.ramenvalves.com\/sv\/allt-om-sakerhetsventiler\/"},{"@type":"ListItem","position":3,"name":"S\u00e4kerhetsventiler f\u00f6r tryckluft och komprimerad gas"}]},{"@type":"WebSite","@id":"https:\/\/www.ramenvalves.com\/#website","url":"https:\/\/www.ramenvalves.com\/","name":"Ramen","description":"Ramen","potentialAction":[{"@type":"SearchAction","target":{"@type":"EntryPoint","urlTemplate":"https:\/\/www.ramenvalves.com\/?s={search_term_string}"},"query-input":{"@type":"PropertyValueSpecification","valueRequired":true,"valueName":"search_term_string"}}],"inLanguage":"sv-SE"}]}},"_links":{"self":[{"href":"https:\/\/www.ramenvalves.com\/sv\/wp-json\/wp\/v2\/pages\/7897","targetHints":{"allow":["GET"]}}],"collection":[{"href":"https:\/\/www.ramenvalves.com\/sv\/wp-json\/wp\/v2\/pages"}],"about":[{"href":"https:\/\/www.ramenvalves.com\/sv\/wp-json\/wp\/v2\/types\/page"}],"author":[{"embeddable":true,"href":"https:\/\/www.ramenvalves.com\/sv\/wp-json\/wp\/v2\/users\/5"}],"replies":[{"embeddable":true,"href":"https:\/\/www.ramenvalves.com\/sv\/wp-json\/wp\/v2\/comments?post=7897"}],"version-history":[{"count":20,"href":"https:\/\/www.ramenvalves.com\/sv\/wp-json\/wp\/v2\/pages\/7897\/revisions"}],"predecessor-version":[{"id":11906,"href":"https:\/\/www.ramenvalves.com\/sv\/wp-json\/wp\/v2\/pages\/7897\/revisions\/11906"}],"up":[{"embeddable":true,"href":"https:\/\/www.ramenvalves.com\/sv\/wp-json\/wp\/v2\/pages\/7865"}],"wp:attachment":[{"href":"https:\/\/www.ramenvalves.com\/sv\/wp-json\/wp\/v2\/media?parent=7897"}],"curies":[{"name":"wp","href":"https:\/\/api.w.org\/{rel}","templated":true}]}}