{"id":7529,"date":"2021-11-17T12:24:20","date_gmt":"2021-11-17T12:24:20","guid":{"rendered":"https:\/\/www.ramenvalves.com\/?page_id=7529"},"modified":"2024-03-01T06:59:44","modified_gmt":"2024-03-01T06:59:44","slug":"sakerhetsventiler-for-kompressorer","status":"publish","type":"page","link":"https:\/\/www.ramenvalves.com\/sv\/hitta-din-industri\/industriella-gaser\/sakerhetsventiler-for-kompressorer\/","title":{"rendered":"S\u00e4kerhetsventiler f\u00f6r kompressorer"},"content":{"rendered":"","protected":false},"excerpt":{"rendered":"","protected":false},"author":5,"featured_media":0,"parent":6337,"menu_order":0,"comment_status":"closed","ping_status":"closed","template":"","meta":{"_acf_changed":false,"footnotes":""},"class_list":["post-7529","page","type-page","status-publish","hentry"],"acf":[],"yoast_head":"<!-- This site is optimized with the Yoast SEO plugin v27.3 - https:\/\/yoast.com\/product\/yoast-seo-wordpress\/ -->\n<title>S\u00e4kerhetsventiler f\u00f6r kompressorer I Skydda utrustning mot sprickbildning<\/title>\n<meta name=\"description\" content=\"S\u00e4kerhetsventiler f\u00f6r industriella luftkompressorer skyddar utrustningen mot sprickbildning &amp; explosion. Vi dimensionerar \u00e5t dig.\" \/>\n<meta name=\"robots\" content=\"index, follow, max-snippet:-1, max-image-preview:large, max-video-preview:-1\" \/>\n<link rel=\"canonical\" href=\"https:\/\/www.ramenvalves.com\/sv\/hitta-din-industri\/industriella-gaser\/sakerhetsventiler-for-kompressorer\/\" \/>\n<meta property=\"og:locale\" content=\"sv_SE\" \/>\n<meta property=\"og:type\" content=\"article\" \/>\n<meta property=\"og:title\" content=\"S\u00e4kerhetsventiler f\u00f6r kompressorer I Skydda utrustning mot sprickbildning\" \/>\n<meta property=\"og:description\" content=\"S\u00e4kerhetsventiler f\u00f6r industriella luftkompressorer skyddar utrustningen mot sprickbildning &amp; explosion. Vi dimensionerar \u00e5t dig.\" \/>\n<meta property=\"og:url\" content=\"https:\/\/www.ramenvalves.com\/sv\/hitta-din-industri\/industriella-gaser\/sakerhetsventiler-for-kompressorer\/\" \/>\n<meta property=\"og:site_name\" content=\"Ramen\" \/>\n<meta property=\"article:modified_time\" content=\"2024-03-01T06:59:44+00:00\" \/>\n<meta name=\"twitter:card\" content=\"summary_large_image\" \/>\n<script type=\"application\/ld+json\" class=\"yoast-schema-graph\">{\"@context\":\"https:\\\/\\\/schema.org\",\"@graph\":[{\"@type\":\"WebPage\",\"@id\":\"https:\\\/\\\/www.ramenvalves.com\\\/sv\\\/hitta-din-industri\\\/industriella-gaser\\\/sakerhetsventiler-for-kompressorer\\\/\",\"url\":\"https:\\\/\\\/www.ramenvalves.com\\\/sv\\\/hitta-din-industri\\\/industriella-gaser\\\/sakerhetsventiler-for-kompressorer\\\/\",\"name\":\"S\u00e4kerhetsventiler f\u00f6r kompressorer I Skydda utrustning mot sprickbildning\",\"isPartOf\":{\"@id\":\"https:\\\/\\\/www.ramenvalves.com\\\/#website\"},\"datePublished\":\"2021-11-17T12:24:20+00:00\",\"dateModified\":\"2024-03-01T06:59:44+00:00\",\"description\":\"S\u00e4kerhetsventiler f\u00f6r industriella luftkompressorer skyddar utrustningen mot sprickbildning & explosion. Vi dimensionerar \u00e5t dig.\",\"breadcrumb\":{\"@id\":\"https:\\\/\\\/www.ramenvalves.com\\\/sv\\\/hitta-din-industri\\\/industriella-gaser\\\/sakerhetsventiler-for-kompressorer\\\/#breadcrumb\"},\"inLanguage\":\"sv-SE\",\"potentialAction\":[{\"@type\":\"ReadAction\",\"target\":[\"https:\\\/\\\/www.ramenvalves.com\\\/sv\\\/hitta-din-industri\\\/industriella-gaser\\\/sakerhetsventiler-for-kompressorer\\\/\"]}]},{\"@type\":\"BreadcrumbList\",\"@id\":\"https:\\\/\\\/www.ramenvalves.com\\\/sv\\\/hitta-din-industri\\\/industriella-gaser\\\/sakerhetsventiler-for-kompressorer\\\/#breadcrumb\",\"itemListElement\":[{\"@type\":\"ListItem\",\"position\":1,\"name\":\"Home\",\"item\":\"https:\\\/\\\/www.ramenvalves.com\\\/sv\\\/\"},{\"@type\":\"ListItem\",\"position\":2,\"name\":\"Hitta din industri\",\"item\":\"https:\\\/\\\/www.ramenvalves.com\\\/sv\\\/hitta-din-industri\\\/\"},{\"@type\":\"ListItem\",\"position\":3,\"name\":\"Industriella gaser\",\"item\":\"https:\\\/\\\/www.ramenvalves.com\\\/sv\\\/hitta-din-industri\\\/industriella-gaser\\\/\"},{\"@type\":\"ListItem\",\"position\":4,\"name\":\"S\u00e4kerhetsventiler f\u00f6r kompressorer\"}]},{\"@type\":\"WebSite\",\"@id\":\"https:\\\/\\\/www.ramenvalves.com\\\/#website\",\"url\":\"https:\\\/\\\/www.ramenvalves.com\\\/\",\"name\":\"Ramen\",\"description\":\"Ramen\",\"potentialAction\":[{\"@type\":\"SearchAction\",\"target\":{\"@type\":\"EntryPoint\",\"urlTemplate\":\"https:\\\/\\\/www.ramenvalves.com\\\/?s={search_term_string}\"},\"query-input\":{\"@type\":\"PropertyValueSpecification\",\"valueRequired\":true,\"valueName\":\"search_term_string\"}}],\"inLanguage\":\"sv-SE\"}]}<\/script>\n<!-- \/ Yoast SEO plugin. -->","yoast_head_json":{"title":"S\u00e4kerhetsventiler f\u00f6r kompressorer I Skydda utrustning mot sprickbildning","description":"S\u00e4kerhetsventiler f\u00f6r industriella luftkompressorer skyddar utrustningen mot sprickbildning & explosion. Vi dimensionerar \u00e5t dig.","robots":{"index":"index","follow":"follow","max-snippet":"max-snippet:-1","max-image-preview":"max-image-preview:large","max-video-preview":"max-video-preview:-1"},"canonical":"https:\/\/www.ramenvalves.com\/sv\/hitta-din-industri\/industriella-gaser\/sakerhetsventiler-for-kompressorer\/","og_locale":"sv_SE","og_type":"article","og_title":"S\u00e4kerhetsventiler f\u00f6r kompressorer I Skydda utrustning mot sprickbildning","og_description":"S\u00e4kerhetsventiler f\u00f6r industriella luftkompressorer skyddar utrustningen mot sprickbildning & explosion. Vi dimensionerar \u00e5t dig.","og_url":"https:\/\/www.ramenvalves.com\/sv\/hitta-din-industri\/industriella-gaser\/sakerhetsventiler-for-kompressorer\/","og_site_name":"Ramen","article_modified_time":"2024-03-01T06:59:44+00:00","twitter_card":"summary_large_image","schema":{"@context":"https:\/\/schema.org","@graph":[{"@type":"WebPage","@id":"https:\/\/www.ramenvalves.com\/sv\/hitta-din-industri\/industriella-gaser\/sakerhetsventiler-for-kompressorer\/","url":"https:\/\/www.ramenvalves.com\/sv\/hitta-din-industri\/industriella-gaser\/sakerhetsventiler-for-kompressorer\/","name":"S\u00e4kerhetsventiler f\u00f6r kompressorer I Skydda utrustning mot sprickbildning","isPartOf":{"@id":"https:\/\/www.ramenvalves.com\/#website"},"datePublished":"2021-11-17T12:24:20+00:00","dateModified":"2024-03-01T06:59:44+00:00","description":"S\u00e4kerhetsventiler f\u00f6r industriella luftkompressorer skyddar utrustningen mot sprickbildning & explosion. Vi dimensionerar \u00e5t dig.","breadcrumb":{"@id":"https:\/\/www.ramenvalves.com\/sv\/hitta-din-industri\/industriella-gaser\/sakerhetsventiler-for-kompressorer\/#breadcrumb"},"inLanguage":"sv-SE","potentialAction":[{"@type":"ReadAction","target":["https:\/\/www.ramenvalves.com\/sv\/hitta-din-industri\/industriella-gaser\/sakerhetsventiler-for-kompressorer\/"]}]},{"@type":"BreadcrumbList","@id":"https:\/\/www.ramenvalves.com\/sv\/hitta-din-industri\/industriella-gaser\/sakerhetsventiler-for-kompressorer\/#breadcrumb","itemListElement":[{"@type":"ListItem","position":1,"name":"Home","item":"https:\/\/www.ramenvalves.com\/sv\/"},{"@type":"ListItem","position":2,"name":"Hitta din industri","item":"https:\/\/www.ramenvalves.com\/sv\/hitta-din-industri\/"},{"@type":"ListItem","position":3,"name":"Industriella gaser","item":"https:\/\/www.ramenvalves.com\/sv\/hitta-din-industri\/industriella-gaser\/"},{"@type":"ListItem","position":4,"name":"S\u00e4kerhetsventiler f\u00f6r kompressorer"}]},{"@type":"WebSite","@id":"https:\/\/www.ramenvalves.com\/#website","url":"https:\/\/www.ramenvalves.com\/","name":"Ramen","description":"Ramen","potentialAction":[{"@type":"SearchAction","target":{"@type":"EntryPoint","urlTemplate":"https:\/\/www.ramenvalves.com\/?s={search_term_string}"},"query-input":{"@type":"PropertyValueSpecification","valueRequired":true,"valueName":"search_term_string"}}],"inLanguage":"sv-SE"}]}},"_links":{"self":[{"href":"https:\/\/www.ramenvalves.com\/sv\/wp-json\/wp\/v2\/pages\/7529","targetHints":{"allow":["GET"]}}],"collection":[{"href":"https:\/\/www.ramenvalves.com\/sv\/wp-json\/wp\/v2\/pages"}],"about":[{"href":"https:\/\/www.ramenvalves.com\/sv\/wp-json\/wp\/v2\/types\/page"}],"author":[{"embeddable":true,"href":"https:\/\/www.ramenvalves.com\/sv\/wp-json\/wp\/v2\/users\/5"}],"replies":[{"embeddable":true,"href":"https:\/\/www.ramenvalves.com\/sv\/wp-json\/wp\/v2\/comments?post=7529"}],"version-history":[{"count":25,"href":"https:\/\/www.ramenvalves.com\/sv\/wp-json\/wp\/v2\/pages\/7529\/revisions"}],"predecessor-version":[{"id":9340,"href":"https:\/\/www.ramenvalves.com\/sv\/wp-json\/wp\/v2\/pages\/7529\/revisions\/9340"}],"up":[{"embeddable":true,"href":"https:\/\/www.ramenvalves.com\/sv\/wp-json\/wp\/v2\/pages\/6337"}],"wp:attachment":[{"href":"https:\/\/www.ramenvalves.com\/sv\/wp-json\/wp\/v2\/media?parent=7529"}],"curies":[{"name":"wp","href":"https:\/\/api.w.org\/{rel}","templated":true}]}}