{"id":7350,"date":"2019-07-11T08:05:11","date_gmt":"2019-07-11T08:05:11","guid":{"rendered":"https:\/\/www.ramenvalves.com\/engineering-resin-production\/"},"modified":"2024-08-20T11:52:55","modified_gmt":"2024-08-20T11:52:55","slug":"kulsektorventil-hartstillverkning","status":"publish","type":"page","link":"https:\/\/www.ramenvalves.com\/sv\/hitta-din-industri\/kemisk-industri\/kulsektorventil-hartstillverkning\/","title":{"rendered":"Kulsektorventil hartstillverkning"},"content":{"rendered":"","protected":false},"excerpt":{"rendered":"","protected":false},"author":5,"featured_media":0,"parent":6034,"menu_order":0,"comment_status":"closed","ping_status":"closed","template":"","meta":{"_acf_changed":false,"footnotes":""},"class_list":["post-7350","page","type-page","status-publish","hentry"],"acf":[],"yoast_head":"<!-- This site is optimized with the Yoast SEO plugin v27.3 - https:\/\/yoast.com\/product\/yoast-seo-wordpress\/ -->\n<title>Kulsektorventil l\u00f6ser problem vid produktion av fiberf\u00f6rst\u00e4rkt plast<\/title>\n<meta name=\"description\" content=\"KulSektorventil effektiviserade tillverkningsprocess av konstruktionshartser. L\u00e4s mer om dess motst\u00e5ndskraft &amp; andra f\u00f6rdelar i kundcaset.\" \/>\n<meta name=\"robots\" content=\"index, follow, max-snippet:-1, max-image-preview:large, max-video-preview:-1\" \/>\n<link rel=\"canonical\" href=\"https:\/\/www.ramenvalves.com\/sv\/hitta-din-industri\/kemisk-industri\/kulsektorventil-hartstillverkning\/\" \/>\n<meta property=\"og:locale\" content=\"sv_SE\" \/>\n<meta property=\"og:type\" content=\"article\" \/>\n<meta property=\"og:title\" content=\"Kulsektorventil l\u00f6ser problem vid produktion av fiberf\u00f6rst\u00e4rkt plast\" \/>\n<meta property=\"og:description\" content=\"KulSektorventil effektiviserade tillverkningsprocess av konstruktionshartser. L\u00e4s mer om dess motst\u00e5ndskraft &amp; andra f\u00f6rdelar i kundcaset.\" \/>\n<meta property=\"og:url\" content=\"https:\/\/www.ramenvalves.com\/sv\/hitta-din-industri\/kemisk-industri\/kulsektorventil-hartstillverkning\/\" \/>\n<meta property=\"og:site_name\" content=\"Ramen\" \/>\n<meta property=\"article:modified_time\" content=\"2024-08-20T11:52:55+00:00\" \/>\n<meta name=\"twitter:card\" content=\"summary_large_image\" \/>\n<script type=\"application\/ld+json\" class=\"yoast-schema-graph\">{\"@context\":\"https:\\\/\\\/schema.org\",\"@graph\":[{\"@type\":\"WebPage\",\"@id\":\"https:\\\/\\\/www.ramenvalves.com\\\/sv\\\/hitta-din-industri\\\/kemisk-industri\\\/kulsektorventil-hartstillverkning\\\/\",\"url\":\"https:\\\/\\\/www.ramenvalves.com\\\/sv\\\/hitta-din-industri\\\/kemisk-industri\\\/kulsektorventil-hartstillverkning\\\/\",\"name\":\"Kulsektorventil l\u00f6ser problem vid produktion av fiberf\u00f6rst\u00e4rkt plast\",\"isPartOf\":{\"@id\":\"https:\\\/\\\/www.ramenvalves.com\\\/#website\"},\"datePublished\":\"2019-07-11T08:05:11+00:00\",\"dateModified\":\"2024-08-20T11:52:55+00:00\",\"description\":\"KulSektorventil effektiviserade tillverkningsprocess av konstruktionshartser. L\u00e4s mer om dess motst\u00e5ndskraft & andra f\u00f6rdelar i kundcaset.\",\"breadcrumb\":{\"@id\":\"https:\\\/\\\/www.ramenvalves.com\\\/sv\\\/hitta-din-industri\\\/kemisk-industri\\\/kulsektorventil-hartstillverkning\\\/#breadcrumb\"},\"inLanguage\":\"sv-SE\",\"potentialAction\":[{\"@type\":\"ReadAction\",\"target\":[\"https:\\\/\\\/www.ramenvalves.com\\\/sv\\\/hitta-din-industri\\\/kemisk-industri\\\/kulsektorventil-hartstillverkning\\\/\"]}]},{\"@type\":\"BreadcrumbList\",\"@id\":\"https:\\\/\\\/www.ramenvalves.com\\\/sv\\\/hitta-din-industri\\\/kemisk-industri\\\/kulsektorventil-hartstillverkning\\\/#breadcrumb\",\"itemListElement\":[{\"@type\":\"ListItem\",\"position\":1,\"name\":\"Home\",\"item\":\"https:\\\/\\\/www.ramenvalves.com\\\/sv\\\/\"},{\"@type\":\"ListItem\",\"position\":2,\"name\":\"Hitta din industri\",\"item\":\"https:\\\/\\\/www.ramenvalves.com\\\/sv\\\/hitta-din-industri\\\/\"},{\"@type\":\"ListItem\",\"position\":3,\"name\":\"Kemisk industri\",\"item\":\"https:\\\/\\\/www.ramenvalves.com\\\/sv\\\/hitta-din-industri\\\/kemisk-industri\\\/\"},{\"@type\":\"ListItem\",\"position\":4,\"name\":\"Kulsektorventil hartstillverkning\"}]},{\"@type\":\"WebSite\",\"@id\":\"https:\\\/\\\/www.ramenvalves.com\\\/#website\",\"url\":\"https:\\\/\\\/www.ramenvalves.com\\\/\",\"name\":\"Ramen\",\"description\":\"Ramen\",\"potentialAction\":[{\"@type\":\"SearchAction\",\"target\":{\"@type\":\"EntryPoint\",\"urlTemplate\":\"https:\\\/\\\/www.ramenvalves.com\\\/?s={search_term_string}\"},\"query-input\":{\"@type\":\"PropertyValueSpecification\",\"valueRequired\":true,\"valueName\":\"search_term_string\"}}],\"inLanguage\":\"sv-SE\"}]}<\/script>\n<!-- \/ Yoast SEO plugin. -->","yoast_head_json":{"title":"Kulsektorventil l\u00f6ser problem vid produktion av fiberf\u00f6rst\u00e4rkt plast","description":"KulSektorventil effektiviserade tillverkningsprocess av konstruktionshartser. L\u00e4s mer om dess motst\u00e5ndskraft & andra f\u00f6rdelar i kundcaset.","robots":{"index":"index","follow":"follow","max-snippet":"max-snippet:-1","max-image-preview":"max-image-preview:large","max-video-preview":"max-video-preview:-1"},"canonical":"https:\/\/www.ramenvalves.com\/sv\/hitta-din-industri\/kemisk-industri\/kulsektorventil-hartstillverkning\/","og_locale":"sv_SE","og_type":"article","og_title":"Kulsektorventil l\u00f6ser problem vid produktion av fiberf\u00f6rst\u00e4rkt plast","og_description":"KulSektorventil effektiviserade tillverkningsprocess av konstruktionshartser. L\u00e4s mer om dess motst\u00e5ndskraft & andra f\u00f6rdelar i kundcaset.","og_url":"https:\/\/www.ramenvalves.com\/sv\/hitta-din-industri\/kemisk-industri\/kulsektorventil-hartstillverkning\/","og_site_name":"Ramen","article_modified_time":"2024-08-20T11:52:55+00:00","twitter_card":"summary_large_image","schema":{"@context":"https:\/\/schema.org","@graph":[{"@type":"WebPage","@id":"https:\/\/www.ramenvalves.com\/sv\/hitta-din-industri\/kemisk-industri\/kulsektorventil-hartstillverkning\/","url":"https:\/\/www.ramenvalves.com\/sv\/hitta-din-industri\/kemisk-industri\/kulsektorventil-hartstillverkning\/","name":"Kulsektorventil l\u00f6ser problem vid produktion av fiberf\u00f6rst\u00e4rkt plast","isPartOf":{"@id":"https:\/\/www.ramenvalves.com\/#website"},"datePublished":"2019-07-11T08:05:11+00:00","dateModified":"2024-08-20T11:52:55+00:00","description":"KulSektorventil effektiviserade tillverkningsprocess av konstruktionshartser. L\u00e4s mer om dess motst\u00e5ndskraft & andra f\u00f6rdelar i kundcaset.","breadcrumb":{"@id":"https:\/\/www.ramenvalves.com\/sv\/hitta-din-industri\/kemisk-industri\/kulsektorventil-hartstillverkning\/#breadcrumb"},"inLanguage":"sv-SE","potentialAction":[{"@type":"ReadAction","target":["https:\/\/www.ramenvalves.com\/sv\/hitta-din-industri\/kemisk-industri\/kulsektorventil-hartstillverkning\/"]}]},{"@type":"BreadcrumbList","@id":"https:\/\/www.ramenvalves.com\/sv\/hitta-din-industri\/kemisk-industri\/kulsektorventil-hartstillverkning\/#breadcrumb","itemListElement":[{"@type":"ListItem","position":1,"name":"Home","item":"https:\/\/www.ramenvalves.com\/sv\/"},{"@type":"ListItem","position":2,"name":"Hitta din industri","item":"https:\/\/www.ramenvalves.com\/sv\/hitta-din-industri\/"},{"@type":"ListItem","position":3,"name":"Kemisk industri","item":"https:\/\/www.ramenvalves.com\/sv\/hitta-din-industri\/kemisk-industri\/"},{"@type":"ListItem","position":4,"name":"Kulsektorventil hartstillverkning"}]},{"@type":"WebSite","@id":"https:\/\/www.ramenvalves.com\/#website","url":"https:\/\/www.ramenvalves.com\/","name":"Ramen","description":"Ramen","potentialAction":[{"@type":"SearchAction","target":{"@type":"EntryPoint","urlTemplate":"https:\/\/www.ramenvalves.com\/?s={search_term_string}"},"query-input":{"@type":"PropertyValueSpecification","valueRequired":true,"valueName":"search_term_string"}}],"inLanguage":"sv-SE"}]}},"_links":{"self":[{"href":"https:\/\/www.ramenvalves.com\/sv\/wp-json\/wp\/v2\/pages\/7350","targetHints":{"allow":["GET"]}}],"collection":[{"href":"https:\/\/www.ramenvalves.com\/sv\/wp-json\/wp\/v2\/pages"}],"about":[{"href":"https:\/\/www.ramenvalves.com\/sv\/wp-json\/wp\/v2\/types\/page"}],"author":[{"embeddable":true,"href":"https:\/\/www.ramenvalves.com\/sv\/wp-json\/wp\/v2\/users\/5"}],"replies":[{"embeddable":true,"href":"https:\/\/www.ramenvalves.com\/sv\/wp-json\/wp\/v2\/comments?post=7350"}],"version-history":[{"count":12,"href":"https:\/\/www.ramenvalves.com\/sv\/wp-json\/wp\/v2\/pages\/7350\/revisions"}],"predecessor-version":[{"id":10108,"href":"https:\/\/www.ramenvalves.com\/sv\/wp-json\/wp\/v2\/pages\/7350\/revisions\/10108"}],"up":[{"embeddable":true,"href":"https:\/\/www.ramenvalves.com\/sv\/wp-json\/wp\/v2\/pages\/6034"}],"wp:attachment":[{"href":"https:\/\/www.ramenvalves.com\/sv\/wp-json\/wp\/v2\/media?parent=7350"}],"curies":[{"name":"wp","href":"https:\/\/api.w.org\/{rel}","templated":true}]}}