{"id":6034,"date":"2019-07-04T12:13:08","date_gmt":"2019-07-04T12:13:08","guid":{"rendered":"https:\/\/ramenvalves.com\/hitta-din-industri\/chemicals-and-fertilizers\/"},"modified":"2025-03-26T13:31:11","modified_gmt":"2025-03-26T13:31:11","slug":"kemisk-industri","status":"publish","type":"page","link":"https:\/\/www.ramenvalves.com\/sv\/hitta-din-industri\/kemisk-industri\/","title":{"rendered":"Kemisk industri"},"content":{"rendered":"","protected":false},"excerpt":{"rendered":"","protected":false},"author":5,"featured_media":0,"parent":4977,"menu_order":0,"comment_status":"closed","ping_status":"closed","template":"","meta":{"_acf_changed":false,"footnotes":""},"class_list":["post-6034","page","type-page","status-publish","hentry"],"acf":[],"yoast_head":"<!-- This site is optimized with the Yoast SEO plugin v27.3 - https:\/\/yoast.com\/product\/yoast-seo-wordpress\/ -->\n<title>Industriella ventill\u00f6sningar f\u00f6r kemisk industri med l\u00e5ng livsl\u00e4ngd<\/title>\n<meta name=\"description\" content=\"Ram\u00e9n Valves har l\u00e5ng erfarenhet av att ta fram h\u00e5llbara ventill\u00f6sningar f\u00f6r slitande applikationer inom kemsik industri. V\u00e5rt expertomr\u00e5de \u00e4r reglering.\" \/>\n<meta name=\"robots\" content=\"index, follow, max-snippet:-1, max-image-preview:large, max-video-preview:-1\" \/>\n<link rel=\"canonical\" href=\"https:\/\/www.ramenvalves.com\/sv\/hitta-din-industri\/kemisk-industri\/\" \/>\n<meta property=\"og:locale\" content=\"sv_SE\" \/>\n<meta property=\"og:type\" content=\"article\" \/>\n<meta property=\"og:title\" content=\"Industriella ventill\u00f6sningar f\u00f6r kemisk industri med l\u00e5ng livsl\u00e4ngd\" \/>\n<meta property=\"og:description\" content=\"Ram\u00e9n Valves har l\u00e5ng erfarenhet av att ta fram h\u00e5llbara ventill\u00f6sningar f\u00f6r slitande applikationer inom kemsik industri. V\u00e5rt expertomr\u00e5de \u00e4r reglering.\" \/>\n<meta property=\"og:url\" content=\"https:\/\/www.ramenvalves.com\/sv\/hitta-din-industri\/kemisk-industri\/\" \/>\n<meta property=\"og:site_name\" content=\"Ramen\" \/>\n<meta property=\"article:modified_time\" content=\"2025-03-26T13:31:11+00:00\" \/>\n<meta name=\"twitter:card\" content=\"summary_large_image\" \/>\n<script type=\"application\/ld+json\" class=\"yoast-schema-graph\">{\"@context\":\"https:\\\/\\\/schema.org\",\"@graph\":[{\"@type\":\"WebPage\",\"@id\":\"https:\\\/\\\/www.ramenvalves.com\\\/sv\\\/hitta-din-industri\\\/kemisk-industri\\\/\",\"url\":\"https:\\\/\\\/www.ramenvalves.com\\\/sv\\\/hitta-din-industri\\\/kemisk-industri\\\/\",\"name\":\"Industriella ventill\u00f6sningar f\u00f6r kemisk industri med l\u00e5ng livsl\u00e4ngd\",\"isPartOf\":{\"@id\":\"https:\\\/\\\/www.ramenvalves.com\\\/#website\"},\"datePublished\":\"2019-07-04T12:13:08+00:00\",\"dateModified\":\"2025-03-26T13:31:11+00:00\",\"description\":\"Ram\u00e9n Valves har l\u00e5ng erfarenhet av att ta fram h\u00e5llbara ventill\u00f6sningar f\u00f6r slitande applikationer inom kemsik industri. V\u00e5rt expertomr\u00e5de \u00e4r reglering.\",\"breadcrumb\":{\"@id\":\"https:\\\/\\\/www.ramenvalves.com\\\/sv\\\/hitta-din-industri\\\/kemisk-industri\\\/#breadcrumb\"},\"inLanguage\":\"sv-SE\",\"potentialAction\":[{\"@type\":\"ReadAction\",\"target\":[\"https:\\\/\\\/www.ramenvalves.com\\\/sv\\\/hitta-din-industri\\\/kemisk-industri\\\/\"]}]},{\"@type\":\"BreadcrumbList\",\"@id\":\"https:\\\/\\\/www.ramenvalves.com\\\/sv\\\/hitta-din-industri\\\/kemisk-industri\\\/#breadcrumb\",\"itemListElement\":[{\"@type\":\"ListItem\",\"position\":1,\"name\":\"Home\",\"item\":\"https:\\\/\\\/www.ramenvalves.com\\\/sv\\\/\"},{\"@type\":\"ListItem\",\"position\":2,\"name\":\"Hitta din industri\",\"item\":\"https:\\\/\\\/www.ramenvalves.com\\\/sv\\\/hitta-din-industri\\\/\"},{\"@type\":\"ListItem\",\"position\":3,\"name\":\"Kemisk industri\"}]},{\"@type\":\"WebSite\",\"@id\":\"https:\\\/\\\/www.ramenvalves.com\\\/#website\",\"url\":\"https:\\\/\\\/www.ramenvalves.com\\\/\",\"name\":\"Ramen\",\"description\":\"Ramen\",\"potentialAction\":[{\"@type\":\"SearchAction\",\"target\":{\"@type\":\"EntryPoint\",\"urlTemplate\":\"https:\\\/\\\/www.ramenvalves.com\\\/?s={search_term_string}\"},\"query-input\":{\"@type\":\"PropertyValueSpecification\",\"valueRequired\":true,\"valueName\":\"search_term_string\"}}],\"inLanguage\":\"sv-SE\"}]}<\/script>\n<!-- \/ Yoast SEO plugin. -->","yoast_head_json":{"title":"Industriella ventill\u00f6sningar f\u00f6r kemisk industri med l\u00e5ng livsl\u00e4ngd","description":"Ram\u00e9n Valves har l\u00e5ng erfarenhet av att ta fram h\u00e5llbara ventill\u00f6sningar f\u00f6r slitande applikationer inom kemsik industri. V\u00e5rt expertomr\u00e5de \u00e4r reglering.","robots":{"index":"index","follow":"follow","max-snippet":"max-snippet:-1","max-image-preview":"max-image-preview:large","max-video-preview":"max-video-preview:-1"},"canonical":"https:\/\/www.ramenvalves.com\/sv\/hitta-din-industri\/kemisk-industri\/","og_locale":"sv_SE","og_type":"article","og_title":"Industriella ventill\u00f6sningar f\u00f6r kemisk industri med l\u00e5ng livsl\u00e4ngd","og_description":"Ram\u00e9n Valves har l\u00e5ng erfarenhet av att ta fram h\u00e5llbara ventill\u00f6sningar f\u00f6r slitande applikationer inom kemsik industri. V\u00e5rt expertomr\u00e5de \u00e4r reglering.","og_url":"https:\/\/www.ramenvalves.com\/sv\/hitta-din-industri\/kemisk-industri\/","og_site_name":"Ramen","article_modified_time":"2025-03-26T13:31:11+00:00","twitter_card":"summary_large_image","schema":{"@context":"https:\/\/schema.org","@graph":[{"@type":"WebPage","@id":"https:\/\/www.ramenvalves.com\/sv\/hitta-din-industri\/kemisk-industri\/","url":"https:\/\/www.ramenvalves.com\/sv\/hitta-din-industri\/kemisk-industri\/","name":"Industriella ventill\u00f6sningar f\u00f6r kemisk industri med l\u00e5ng livsl\u00e4ngd","isPartOf":{"@id":"https:\/\/www.ramenvalves.com\/#website"},"datePublished":"2019-07-04T12:13:08+00:00","dateModified":"2025-03-26T13:31:11+00:00","description":"Ram\u00e9n Valves har l\u00e5ng erfarenhet av att ta fram h\u00e5llbara ventill\u00f6sningar f\u00f6r slitande applikationer inom kemsik industri. V\u00e5rt expertomr\u00e5de \u00e4r reglering.","breadcrumb":{"@id":"https:\/\/www.ramenvalves.com\/sv\/hitta-din-industri\/kemisk-industri\/#breadcrumb"},"inLanguage":"sv-SE","potentialAction":[{"@type":"ReadAction","target":["https:\/\/www.ramenvalves.com\/sv\/hitta-din-industri\/kemisk-industri\/"]}]},{"@type":"BreadcrumbList","@id":"https:\/\/www.ramenvalves.com\/sv\/hitta-din-industri\/kemisk-industri\/#breadcrumb","itemListElement":[{"@type":"ListItem","position":1,"name":"Home","item":"https:\/\/www.ramenvalves.com\/sv\/"},{"@type":"ListItem","position":2,"name":"Hitta din industri","item":"https:\/\/www.ramenvalves.com\/sv\/hitta-din-industri\/"},{"@type":"ListItem","position":3,"name":"Kemisk industri"}]},{"@type":"WebSite","@id":"https:\/\/www.ramenvalves.com\/#website","url":"https:\/\/www.ramenvalves.com\/","name":"Ramen","description":"Ramen","potentialAction":[{"@type":"SearchAction","target":{"@type":"EntryPoint","urlTemplate":"https:\/\/www.ramenvalves.com\/?s={search_term_string}"},"query-input":{"@type":"PropertyValueSpecification","valueRequired":true,"valueName":"search_term_string"}}],"inLanguage":"sv-SE"}]}},"_links":{"self":[{"href":"https:\/\/www.ramenvalves.com\/sv\/wp-json\/wp\/v2\/pages\/6034","targetHints":{"allow":["GET"]}}],"collection":[{"href":"https:\/\/www.ramenvalves.com\/sv\/wp-json\/wp\/v2\/pages"}],"about":[{"href":"https:\/\/www.ramenvalves.com\/sv\/wp-json\/wp\/v2\/types\/page"}],"author":[{"embeddable":true,"href":"https:\/\/www.ramenvalves.com\/sv\/wp-json\/wp\/v2\/users\/5"}],"replies":[{"embeddable":true,"href":"https:\/\/www.ramenvalves.com\/sv\/wp-json\/wp\/v2\/comments?post=6034"}],"version-history":[{"count":13,"href":"https:\/\/www.ramenvalves.com\/sv\/wp-json\/wp\/v2\/pages\/6034\/revisions"}],"predecessor-version":[{"id":11782,"href":"https:\/\/www.ramenvalves.com\/sv\/wp-json\/wp\/v2\/pages\/6034\/revisions\/11782"}],"up":[{"embeddable":true,"href":"https:\/\/www.ramenvalves.com\/sv\/wp-json\/wp\/v2\/pages\/4977"}],"wp:attachment":[{"href":"https:\/\/www.ramenvalves.com\/sv\/wp-json\/wp\/v2\/media?parent=6034"}],"curies":[{"name":"wp","href":"https:\/\/api.w.org\/{rel}","templated":true}]}}