{"id":5226,"date":"2019-04-10T12:28:38","date_gmt":"2019-04-10T12:28:38","guid":{"rendered":"https:\/\/ramenvalves.com\/contact\/"},"modified":"2026-03-11T10:22:13","modified_gmt":"2026-03-11T10:22:13","slug":"kontakt","status":"publish","type":"page","link":"https:\/\/www.ramenvalves.com\/sv\/kontakt\/","title":{"rendered":"Kontakt"},"content":{"rendered":"","protected":false},"excerpt":{"rendered":"","protected":false},"author":1,"featured_media":0,"parent":0,"menu_order":0,"comment_status":"closed","ping_status":"closed","template":"","meta":{"_acf_changed":false,"footnotes":""},"class_list":["post-5226","page","type-page","status-publish","hentry"],"acf":[],"yoast_head":"<!-- This site is optimized with the Yoast SEO plugin v27.3 - https:\/\/yoast.com\/product\/yoast-seo-wordpress\/ -->\n<title>Kontaktuppgifter till Ram\u00e9n Valves AB - Tillverkare av industriella ventiler<\/title>\n<meta name=\"description\" content=\"Kontaktuppgifter till oss p\u00e5 Ram\u00e9n Valves AB. Adress: Fredsforsstigen 22A, 16867 Bromma. Telefon: 08 598 931 00. V\u00e4lkommen att kontakta oss!\" \/>\n<meta name=\"robots\" content=\"index, follow, max-snippet:-1, max-image-preview:large, max-video-preview:-1\" \/>\n<link rel=\"canonical\" href=\"https:\/\/www.ramenvalves.com\/sv\/kontakt\/\" \/>\n<meta property=\"og:locale\" content=\"sv_SE\" \/>\n<meta property=\"og:type\" content=\"article\" \/>\n<meta property=\"og:title\" content=\"Kontaktuppgifter till Ram\u00e9n Valves AB - Tillverkare av industriella ventiler\" \/>\n<meta property=\"og:description\" content=\"Kontaktuppgifter till oss p\u00e5 Ram\u00e9n Valves AB. Adress: Fredsforsstigen 22A, 16867 Bromma. Telefon: 08 598 931 00. V\u00e4lkommen att kontakta oss!\" \/>\n<meta property=\"og:url\" content=\"https:\/\/www.ramenvalves.com\/sv\/kontakt\/\" \/>\n<meta property=\"og:site_name\" content=\"Ramen\" \/>\n<meta property=\"article:modified_time\" content=\"2026-03-11T10:22:13+00:00\" \/>\n<meta name=\"twitter:card\" content=\"summary_large_image\" \/>\n<script type=\"application\/ld+json\" class=\"yoast-schema-graph\">{\"@context\":\"https:\\\/\\\/schema.org\",\"@graph\":[{\"@type\":\"WebPage\",\"@id\":\"https:\\\/\\\/www.ramenvalves.com\\\/sv\\\/kontakt\\\/\",\"url\":\"https:\\\/\\\/www.ramenvalves.com\\\/sv\\\/kontakt\\\/\",\"name\":\"Kontaktuppgifter till Ram\u00e9n Valves AB - Tillverkare av industriella ventiler\",\"isPartOf\":{\"@id\":\"https:\\\/\\\/www.ramenvalves.com\\\/#website\"},\"datePublished\":\"2019-04-10T12:28:38+00:00\",\"dateModified\":\"2026-03-11T10:22:13+00:00\",\"description\":\"Kontaktuppgifter till oss p\u00e5 Ram\u00e9n Valves AB. Adress: Fredsforsstigen 22A, 16867 Bromma. Telefon: 08 598 931 00. V\u00e4lkommen att kontakta oss!\",\"breadcrumb\":{\"@id\":\"https:\\\/\\\/www.ramenvalves.com\\\/sv\\\/kontakt\\\/#breadcrumb\"},\"inLanguage\":\"sv-SE\",\"potentialAction\":[{\"@type\":\"ReadAction\",\"target\":[\"https:\\\/\\\/www.ramenvalves.com\\\/sv\\\/kontakt\\\/\"]}]},{\"@type\":\"BreadcrumbList\",\"@id\":\"https:\\\/\\\/www.ramenvalves.com\\\/sv\\\/kontakt\\\/#breadcrumb\",\"itemListElement\":[{\"@type\":\"ListItem\",\"position\":1,\"name\":\"Home\",\"item\":\"https:\\\/\\\/www.ramenvalves.com\\\/sv\\\/\"},{\"@type\":\"ListItem\",\"position\":2,\"name\":\"Kontakt\"}]},{\"@type\":\"WebSite\",\"@id\":\"https:\\\/\\\/www.ramenvalves.com\\\/#website\",\"url\":\"https:\\\/\\\/www.ramenvalves.com\\\/\",\"name\":\"Ramen\",\"description\":\"Ramen\",\"potentialAction\":[{\"@type\":\"SearchAction\",\"target\":{\"@type\":\"EntryPoint\",\"urlTemplate\":\"https:\\\/\\\/www.ramenvalves.com\\\/?s={search_term_string}\"},\"query-input\":{\"@type\":\"PropertyValueSpecification\",\"valueRequired\":true,\"valueName\":\"search_term_string\"}}],\"inLanguage\":\"sv-SE\"}]}<\/script>\n<!-- \/ Yoast SEO plugin. -->","yoast_head_json":{"title":"Kontaktuppgifter till Ram\u00e9n Valves AB - Tillverkare av industriella ventiler","description":"Kontaktuppgifter till oss p\u00e5 Ram\u00e9n Valves AB. Adress: Fredsforsstigen 22A, 16867 Bromma. Telefon: 08 598 931 00. V\u00e4lkommen att kontakta oss!","robots":{"index":"index","follow":"follow","max-snippet":"max-snippet:-1","max-image-preview":"max-image-preview:large","max-video-preview":"max-video-preview:-1"},"canonical":"https:\/\/www.ramenvalves.com\/sv\/kontakt\/","og_locale":"sv_SE","og_type":"article","og_title":"Kontaktuppgifter till Ram\u00e9n Valves AB - Tillverkare av industriella ventiler","og_description":"Kontaktuppgifter till oss p\u00e5 Ram\u00e9n Valves AB. Adress: Fredsforsstigen 22A, 16867 Bromma. Telefon: 08 598 931 00. V\u00e4lkommen att kontakta oss!","og_url":"https:\/\/www.ramenvalves.com\/sv\/kontakt\/","og_site_name":"Ramen","article_modified_time":"2026-03-11T10:22:13+00:00","twitter_card":"summary_large_image","schema":{"@context":"https:\/\/schema.org","@graph":[{"@type":"WebPage","@id":"https:\/\/www.ramenvalves.com\/sv\/kontakt\/","url":"https:\/\/www.ramenvalves.com\/sv\/kontakt\/","name":"Kontaktuppgifter till Ram\u00e9n Valves AB - Tillverkare av industriella ventiler","isPartOf":{"@id":"https:\/\/www.ramenvalves.com\/#website"},"datePublished":"2019-04-10T12:28:38+00:00","dateModified":"2026-03-11T10:22:13+00:00","description":"Kontaktuppgifter till oss p\u00e5 Ram\u00e9n Valves AB. Adress: Fredsforsstigen 22A, 16867 Bromma. Telefon: 08 598 931 00. V\u00e4lkommen att kontakta oss!","breadcrumb":{"@id":"https:\/\/www.ramenvalves.com\/sv\/kontakt\/#breadcrumb"},"inLanguage":"sv-SE","potentialAction":[{"@type":"ReadAction","target":["https:\/\/www.ramenvalves.com\/sv\/kontakt\/"]}]},{"@type":"BreadcrumbList","@id":"https:\/\/www.ramenvalves.com\/sv\/kontakt\/#breadcrumb","itemListElement":[{"@type":"ListItem","position":1,"name":"Home","item":"https:\/\/www.ramenvalves.com\/sv\/"},{"@type":"ListItem","position":2,"name":"Kontakt"}]},{"@type":"WebSite","@id":"https:\/\/www.ramenvalves.com\/#website","url":"https:\/\/www.ramenvalves.com\/","name":"Ramen","description":"Ramen","potentialAction":[{"@type":"SearchAction","target":{"@type":"EntryPoint","urlTemplate":"https:\/\/www.ramenvalves.com\/?s={search_term_string}"},"query-input":{"@type":"PropertyValueSpecification","valueRequired":true,"valueName":"search_term_string"}}],"inLanguage":"sv-SE"}]}},"_links":{"self":[{"href":"https:\/\/www.ramenvalves.com\/sv\/wp-json\/wp\/v2\/pages\/5226","targetHints":{"allow":["GET"]}}],"collection":[{"href":"https:\/\/www.ramenvalves.com\/sv\/wp-json\/wp\/v2\/pages"}],"about":[{"href":"https:\/\/www.ramenvalves.com\/sv\/wp-json\/wp\/v2\/types\/page"}],"author":[{"embeddable":true,"href":"https:\/\/www.ramenvalves.com\/sv\/wp-json\/wp\/v2\/users\/1"}],"replies":[{"embeddable":true,"href":"https:\/\/www.ramenvalves.com\/sv\/wp-json\/wp\/v2\/comments?post=5226"}],"version-history":[{"count":75,"href":"https:\/\/www.ramenvalves.com\/sv\/wp-json\/wp\/v2\/pages\/5226\/revisions"}],"predecessor-version":[{"id":12849,"href":"https:\/\/www.ramenvalves.com\/sv\/wp-json\/wp\/v2\/pages\/5226\/revisions\/12849"}],"wp:attachment":[{"href":"https:\/\/www.ramenvalves.com\/sv\/wp-json\/wp\/v2\/media?parent=5226"}],"curies":[{"name":"wp","href":"https:\/\/api.w.org\/{rel}","templated":true}]}}