{"id":4952,"date":"2019-08-07T07:07:22","date_gmt":"2019-08-07T07:07:22","guid":{"rendered":"https:\/\/ramenvalves.com\/3d-additive-manufacturing\/"},"modified":"2025-01-16T18:06:12","modified_gmt":"2025-01-16T18:06:12","slug":"3d-additiv-tillverkning","status":"publish","type":"page","link":"https:\/\/www.ramenvalves.com\/sv\/om-oss\/innovation\/3d-additiv-tillverkning\/","title":{"rendered":"3D &#8211; Additiv tillverkning"},"content":{"rendered":"","protected":false},"excerpt":{"rendered":"","protected":false},"author":5,"featured_media":0,"parent":5342,"menu_order":0,"comment_status":"closed","ping_status":"closed","template":"","meta":{"_acf_changed":false,"footnotes":""},"class_list":["post-4952","page","type-page","status-publish","hentry"],"acf":[],"yoast_head":"<!-- This site is optimized with the Yoast SEO plugin v27.3 - https:\/\/yoast.com\/product\/yoast-seo-wordpress\/ -->\n<title>3D-tillverkade ventiler I L\u00e4s om f\u00f6rdelarna med additivt tillverkade ventiler<\/title>\n<meta name=\"description\" content=\"3D-tillverkade ventiler ger en gr\u00f6nare produkt med kortare ledtider. Ram\u00e9n Valves erbjuder additivt tillverkade reglerventiler i titan.\" \/>\n<meta name=\"robots\" content=\"index, follow, max-snippet:-1, max-image-preview:large, max-video-preview:-1\" \/>\n<link rel=\"canonical\" href=\"https:\/\/www.ramenvalves.com\/sv\/om-oss\/innovation\/3d-additiv-tillverkning\/\" \/>\n<meta property=\"og:locale\" content=\"sv_SE\" \/>\n<meta property=\"og:type\" content=\"article\" \/>\n<meta property=\"og:title\" content=\"3D-tillverkade ventiler I L\u00e4s om f\u00f6rdelarna med additivt tillverkade ventiler\" \/>\n<meta property=\"og:description\" content=\"3D-tillverkade ventiler ger en gr\u00f6nare produkt med kortare ledtider. Ram\u00e9n Valves erbjuder additivt tillverkade reglerventiler i titan.\" \/>\n<meta property=\"og:url\" content=\"https:\/\/www.ramenvalves.com\/sv\/om-oss\/innovation\/3d-additiv-tillverkning\/\" \/>\n<meta property=\"og:site_name\" content=\"Ramen\" \/>\n<meta property=\"article:modified_time\" content=\"2025-01-16T18:06:12+00:00\" \/>\n<meta name=\"twitter:card\" content=\"summary_large_image\" \/>\n<script type=\"application\/ld+json\" class=\"yoast-schema-graph\">{\"@context\":\"https:\\\/\\\/schema.org\",\"@graph\":[{\"@type\":\"WebPage\",\"@id\":\"https:\\\/\\\/www.ramenvalves.com\\\/sv\\\/om-oss\\\/innovation\\\/3d-additiv-tillverkning\\\/\",\"url\":\"https:\\\/\\\/www.ramenvalves.com\\\/sv\\\/om-oss\\\/innovation\\\/3d-additiv-tillverkning\\\/\",\"name\":\"3D-tillverkade ventiler I L\u00e4s om f\u00f6rdelarna med additivt tillverkade ventiler\",\"isPartOf\":{\"@id\":\"https:\\\/\\\/www.ramenvalves.com\\\/#website\"},\"datePublished\":\"2019-08-07T07:07:22+00:00\",\"dateModified\":\"2025-01-16T18:06:12+00:00\",\"description\":\"3D-tillverkade ventiler ger en gr\u00f6nare produkt med kortare ledtider. Ram\u00e9n Valves erbjuder additivt tillverkade reglerventiler i titan.\",\"breadcrumb\":{\"@id\":\"https:\\\/\\\/www.ramenvalves.com\\\/sv\\\/om-oss\\\/innovation\\\/3d-additiv-tillverkning\\\/#breadcrumb\"},\"inLanguage\":\"sv-SE\",\"potentialAction\":[{\"@type\":\"ReadAction\",\"target\":[\"https:\\\/\\\/www.ramenvalves.com\\\/sv\\\/om-oss\\\/innovation\\\/3d-additiv-tillverkning\\\/\"]}]},{\"@type\":\"BreadcrumbList\",\"@id\":\"https:\\\/\\\/www.ramenvalves.com\\\/sv\\\/om-oss\\\/innovation\\\/3d-additiv-tillverkning\\\/#breadcrumb\",\"itemListElement\":[{\"@type\":\"ListItem\",\"position\":1,\"name\":\"Home\",\"item\":\"https:\\\/\\\/www.ramenvalves.com\\\/sv\\\/\"},{\"@type\":\"ListItem\",\"position\":2,\"name\":\"Om oss\",\"item\":\"https:\\\/\\\/www.ramenvalves.com\\\/sv\\\/om-oss\\\/\"},{\"@type\":\"ListItem\",\"position\":3,\"name\":\"Innovation\",\"item\":\"https:\\\/\\\/www.ramenvalves.com\\\/sv\\\/om-oss\\\/innovation\\\/\"},{\"@type\":\"ListItem\",\"position\":4,\"name\":\"3D &#8211; Additiv tillverkning\"}]},{\"@type\":\"WebSite\",\"@id\":\"https:\\\/\\\/www.ramenvalves.com\\\/#website\",\"url\":\"https:\\\/\\\/www.ramenvalves.com\\\/\",\"name\":\"Ramen\",\"description\":\"Ramen\",\"potentialAction\":[{\"@type\":\"SearchAction\",\"target\":{\"@type\":\"EntryPoint\",\"urlTemplate\":\"https:\\\/\\\/www.ramenvalves.com\\\/?s={search_term_string}\"},\"query-input\":{\"@type\":\"PropertyValueSpecification\",\"valueRequired\":true,\"valueName\":\"search_term_string\"}}],\"inLanguage\":\"sv-SE\"}]}<\/script>\n<!-- \/ Yoast SEO plugin. -->","yoast_head_json":{"title":"3D-tillverkade ventiler I L\u00e4s om f\u00f6rdelarna med additivt tillverkade ventiler","description":"3D-tillverkade ventiler ger en gr\u00f6nare produkt med kortare ledtider. Ram\u00e9n Valves erbjuder additivt tillverkade reglerventiler i titan.","robots":{"index":"index","follow":"follow","max-snippet":"max-snippet:-1","max-image-preview":"max-image-preview:large","max-video-preview":"max-video-preview:-1"},"canonical":"https:\/\/www.ramenvalves.com\/sv\/om-oss\/innovation\/3d-additiv-tillverkning\/","og_locale":"sv_SE","og_type":"article","og_title":"3D-tillverkade ventiler I L\u00e4s om f\u00f6rdelarna med additivt tillverkade ventiler","og_description":"3D-tillverkade ventiler ger en gr\u00f6nare produkt med kortare ledtider. Ram\u00e9n Valves erbjuder additivt tillverkade reglerventiler i titan.","og_url":"https:\/\/www.ramenvalves.com\/sv\/om-oss\/innovation\/3d-additiv-tillverkning\/","og_site_name":"Ramen","article_modified_time":"2025-01-16T18:06:12+00:00","twitter_card":"summary_large_image","schema":{"@context":"https:\/\/schema.org","@graph":[{"@type":"WebPage","@id":"https:\/\/www.ramenvalves.com\/sv\/om-oss\/innovation\/3d-additiv-tillverkning\/","url":"https:\/\/www.ramenvalves.com\/sv\/om-oss\/innovation\/3d-additiv-tillverkning\/","name":"3D-tillverkade ventiler I L\u00e4s om f\u00f6rdelarna med additivt tillverkade ventiler","isPartOf":{"@id":"https:\/\/www.ramenvalves.com\/#website"},"datePublished":"2019-08-07T07:07:22+00:00","dateModified":"2025-01-16T18:06:12+00:00","description":"3D-tillverkade ventiler ger en gr\u00f6nare produkt med kortare ledtider. Ram\u00e9n Valves erbjuder additivt tillverkade reglerventiler i titan.","breadcrumb":{"@id":"https:\/\/www.ramenvalves.com\/sv\/om-oss\/innovation\/3d-additiv-tillverkning\/#breadcrumb"},"inLanguage":"sv-SE","potentialAction":[{"@type":"ReadAction","target":["https:\/\/www.ramenvalves.com\/sv\/om-oss\/innovation\/3d-additiv-tillverkning\/"]}]},{"@type":"BreadcrumbList","@id":"https:\/\/www.ramenvalves.com\/sv\/om-oss\/innovation\/3d-additiv-tillverkning\/#breadcrumb","itemListElement":[{"@type":"ListItem","position":1,"name":"Home","item":"https:\/\/www.ramenvalves.com\/sv\/"},{"@type":"ListItem","position":2,"name":"Om oss","item":"https:\/\/www.ramenvalves.com\/sv\/om-oss\/"},{"@type":"ListItem","position":3,"name":"Innovation","item":"https:\/\/www.ramenvalves.com\/sv\/om-oss\/innovation\/"},{"@type":"ListItem","position":4,"name":"3D &#8211; Additiv tillverkning"}]},{"@type":"WebSite","@id":"https:\/\/www.ramenvalves.com\/#website","url":"https:\/\/www.ramenvalves.com\/","name":"Ramen","description":"Ramen","potentialAction":[{"@type":"SearchAction","target":{"@type":"EntryPoint","urlTemplate":"https:\/\/www.ramenvalves.com\/?s={search_term_string}"},"query-input":{"@type":"PropertyValueSpecification","valueRequired":true,"valueName":"search_term_string"}}],"inLanguage":"sv-SE"}]}},"_links":{"self":[{"href":"https:\/\/www.ramenvalves.com\/sv\/wp-json\/wp\/v2\/pages\/4952","targetHints":{"allow":["GET"]}}],"collection":[{"href":"https:\/\/www.ramenvalves.com\/sv\/wp-json\/wp\/v2\/pages"}],"about":[{"href":"https:\/\/www.ramenvalves.com\/sv\/wp-json\/wp\/v2\/types\/page"}],"author":[{"embeddable":true,"href":"https:\/\/www.ramenvalves.com\/sv\/wp-json\/wp\/v2\/users\/5"}],"replies":[{"embeddable":true,"href":"https:\/\/www.ramenvalves.com\/sv\/wp-json\/wp\/v2\/comments?post=4952"}],"version-history":[{"count":10,"href":"https:\/\/www.ramenvalves.com\/sv\/wp-json\/wp\/v2\/pages\/4952\/revisions"}],"predecessor-version":[{"id":10893,"href":"https:\/\/www.ramenvalves.com\/sv\/wp-json\/wp\/v2\/pages\/4952\/revisions\/10893"}],"up":[{"embeddable":true,"href":"https:\/\/www.ramenvalves.com\/sv\/wp-json\/wp\/v2\/pages\/5342"}],"wp:attachment":[{"href":"https:\/\/www.ramenvalves.com\/sv\/wp-json\/wp\/v2\/media?parent=4952"}],"curies":[{"name":"wp","href":"https:\/\/api.w.org\/{rel}","templated":true}]}}