{"id":4930,"date":"2019-07-17T07:24:26","date_gmt":"2019-07-17T07:24:26","guid":{"rendered":"https:\/\/ramenvalves.com\/om-oss\/quality\/"},"modified":"2026-01-19T12:52:59","modified_gmt":"2026-01-19T12:52:59","slug":"kvalitet","status":"publish","type":"page","link":"https:\/\/www.ramenvalves.com\/sv\/om-oss\/kvalitet\/","title":{"rendered":"Kvalitet"},"content":{"rendered":"","protected":false},"excerpt":{"rendered":"","protected":false},"author":5,"featured_media":0,"parent":4924,"menu_order":0,"comment_status":"closed","ping_status":"closed","template":"","meta":{"_acf_changed":false,"footnotes":""},"class_list":["post-4930","page","type-page","status-publish","hentry"],"acf":[],"yoast_head":"<!-- This site is optimized with the Yoast SEO plugin v27.4 - https:\/\/yoast.com\/product\/yoast-seo-wordpress\/ -->\n<title>Ram\u00e9n Valves - Kvalitetshantering genom ISO-certifiering<\/title>\n<meta name=\"description\" content=\"ISO-standarderna \u00e4r en viktig faktor f\u00f6r att s\u00e4kerst\u00e4lla att v\u00e5ra kunder f\u00e5r det b\u00e4sta av kvalitet och service.\" \/>\n<meta name=\"robots\" content=\"index, follow, max-snippet:-1, max-image-preview:large, max-video-preview:-1\" \/>\n<link rel=\"canonical\" href=\"https:\/\/www.ramenvalves.com\/sv\/om-oss\/kvalitet\/\" \/>\n<meta property=\"og:locale\" content=\"sv_SE\" \/>\n<meta property=\"og:type\" content=\"article\" \/>\n<meta property=\"og:title\" content=\"Ram\u00e9n Valves - Kvalitetshantering genom ISO-certifiering\" \/>\n<meta property=\"og:description\" content=\"ISO-standarderna \u00e4r en viktig faktor f\u00f6r att s\u00e4kerst\u00e4lla att v\u00e5ra kunder f\u00e5r det b\u00e4sta av kvalitet och service.\" \/>\n<meta property=\"og:url\" content=\"https:\/\/www.ramenvalves.com\/sv\/om-oss\/kvalitet\/\" \/>\n<meta property=\"og:site_name\" content=\"Ramen\" \/>\n<meta property=\"article:modified_time\" content=\"2026-01-19T12:52:59+00:00\" \/>\n<meta name=\"twitter:card\" content=\"summary_large_image\" \/>\n<script type=\"application\/ld+json\" class=\"yoast-schema-graph\">{\"@context\":\"https:\\\/\\\/schema.org\",\"@graph\":[{\"@type\":\"WebPage\",\"@id\":\"https:\\\/\\\/www.ramenvalves.com\\\/sv\\\/om-oss\\\/kvalitet\\\/\",\"url\":\"https:\\\/\\\/www.ramenvalves.com\\\/sv\\\/om-oss\\\/kvalitet\\\/\",\"name\":\"Ram\u00e9n Valves - Kvalitetshantering genom ISO-certifiering\",\"isPartOf\":{\"@id\":\"https:\\\/\\\/www.ramenvalves.com\\\/#website\"},\"datePublished\":\"2019-07-17T07:24:26+00:00\",\"dateModified\":\"2026-01-19T12:52:59+00:00\",\"description\":\"ISO-standarderna \u00e4r en viktig faktor f\u00f6r att s\u00e4kerst\u00e4lla att v\u00e5ra kunder f\u00e5r det b\u00e4sta av kvalitet och service.\",\"breadcrumb\":{\"@id\":\"https:\\\/\\\/www.ramenvalves.com\\\/sv\\\/om-oss\\\/kvalitet\\\/#breadcrumb\"},\"inLanguage\":\"sv-SE\",\"potentialAction\":[{\"@type\":\"ReadAction\",\"target\":[\"https:\\\/\\\/www.ramenvalves.com\\\/sv\\\/om-oss\\\/kvalitet\\\/\"]}]},{\"@type\":\"BreadcrumbList\",\"@id\":\"https:\\\/\\\/www.ramenvalves.com\\\/sv\\\/om-oss\\\/kvalitet\\\/#breadcrumb\",\"itemListElement\":[{\"@type\":\"ListItem\",\"position\":1,\"name\":\"Home\",\"item\":\"https:\\\/\\\/www.ramenvalves.com\\\/sv\\\/\"},{\"@type\":\"ListItem\",\"position\":2,\"name\":\"Om oss\",\"item\":\"https:\\\/\\\/www.ramenvalves.com\\\/sv\\\/om-oss\\\/\"},{\"@type\":\"ListItem\",\"position\":3,\"name\":\"Kvalitet\"}]},{\"@type\":\"WebSite\",\"@id\":\"https:\\\/\\\/www.ramenvalves.com\\\/#website\",\"url\":\"https:\\\/\\\/www.ramenvalves.com\\\/\",\"name\":\"Ramen\",\"description\":\"Ramen\",\"potentialAction\":[{\"@type\":\"SearchAction\",\"target\":{\"@type\":\"EntryPoint\",\"urlTemplate\":\"https:\\\/\\\/www.ramenvalves.com\\\/?s={search_term_string}\"},\"query-input\":{\"@type\":\"PropertyValueSpecification\",\"valueRequired\":true,\"valueName\":\"search_term_string\"}}],\"inLanguage\":\"sv-SE\"}]}<\/script>\n<!-- \/ Yoast SEO plugin. -->","yoast_head_json":{"title":"Ram\u00e9n Valves - Kvalitetshantering genom ISO-certifiering","description":"ISO-standarderna \u00e4r en viktig faktor f\u00f6r att s\u00e4kerst\u00e4lla att v\u00e5ra kunder f\u00e5r det b\u00e4sta av kvalitet och service.","robots":{"index":"index","follow":"follow","max-snippet":"max-snippet:-1","max-image-preview":"max-image-preview:large","max-video-preview":"max-video-preview:-1"},"canonical":"https:\/\/www.ramenvalves.com\/sv\/om-oss\/kvalitet\/","og_locale":"sv_SE","og_type":"article","og_title":"Ram\u00e9n Valves - Kvalitetshantering genom ISO-certifiering","og_description":"ISO-standarderna \u00e4r en viktig faktor f\u00f6r att s\u00e4kerst\u00e4lla att v\u00e5ra kunder f\u00e5r det b\u00e4sta av kvalitet och service.","og_url":"https:\/\/www.ramenvalves.com\/sv\/om-oss\/kvalitet\/","og_site_name":"Ramen","article_modified_time":"2026-01-19T12:52:59+00:00","twitter_card":"summary_large_image","schema":{"@context":"https:\/\/schema.org","@graph":[{"@type":"WebPage","@id":"https:\/\/www.ramenvalves.com\/sv\/om-oss\/kvalitet\/","url":"https:\/\/www.ramenvalves.com\/sv\/om-oss\/kvalitet\/","name":"Ram\u00e9n Valves - Kvalitetshantering genom ISO-certifiering","isPartOf":{"@id":"https:\/\/www.ramenvalves.com\/#website"},"datePublished":"2019-07-17T07:24:26+00:00","dateModified":"2026-01-19T12:52:59+00:00","description":"ISO-standarderna \u00e4r en viktig faktor f\u00f6r att s\u00e4kerst\u00e4lla att v\u00e5ra kunder f\u00e5r det b\u00e4sta av kvalitet och service.","breadcrumb":{"@id":"https:\/\/www.ramenvalves.com\/sv\/om-oss\/kvalitet\/#breadcrumb"},"inLanguage":"sv-SE","potentialAction":[{"@type":"ReadAction","target":["https:\/\/www.ramenvalves.com\/sv\/om-oss\/kvalitet\/"]}]},{"@type":"BreadcrumbList","@id":"https:\/\/www.ramenvalves.com\/sv\/om-oss\/kvalitet\/#breadcrumb","itemListElement":[{"@type":"ListItem","position":1,"name":"Home","item":"https:\/\/www.ramenvalves.com\/sv\/"},{"@type":"ListItem","position":2,"name":"Om oss","item":"https:\/\/www.ramenvalves.com\/sv\/om-oss\/"},{"@type":"ListItem","position":3,"name":"Kvalitet"}]},{"@type":"WebSite","@id":"https:\/\/www.ramenvalves.com\/#website","url":"https:\/\/www.ramenvalves.com\/","name":"Ramen","description":"Ramen","potentialAction":[{"@type":"SearchAction","target":{"@type":"EntryPoint","urlTemplate":"https:\/\/www.ramenvalves.com\/?s={search_term_string}"},"query-input":{"@type":"PropertyValueSpecification","valueRequired":true,"valueName":"search_term_string"}}],"inLanguage":"sv-SE"}]}},"_links":{"self":[{"href":"https:\/\/www.ramenvalves.com\/sv\/wp-json\/wp\/v2\/pages\/4930","targetHints":{"allow":["GET"]}}],"collection":[{"href":"https:\/\/www.ramenvalves.com\/sv\/wp-json\/wp\/v2\/pages"}],"about":[{"href":"https:\/\/www.ramenvalves.com\/sv\/wp-json\/wp\/v2\/types\/page"}],"author":[{"embeddable":true,"href":"https:\/\/www.ramenvalves.com\/sv\/wp-json\/wp\/v2\/users\/5"}],"replies":[{"embeddable":true,"href":"https:\/\/www.ramenvalves.com\/sv\/wp-json\/wp\/v2\/comments?post=4930"}],"version-history":[{"count":24,"href":"https:\/\/www.ramenvalves.com\/sv\/wp-json\/wp\/v2\/pages\/4930\/revisions"}],"predecessor-version":[{"id":12593,"href":"https:\/\/www.ramenvalves.com\/sv\/wp-json\/wp\/v2\/pages\/4930\/revisions\/12593"}],"up":[{"embeddable":true,"href":"https:\/\/www.ramenvalves.com\/sv\/wp-json\/wp\/v2\/pages\/4924"}],"wp:attachment":[{"href":"https:\/\/www.ramenvalves.com\/sv\/wp-json\/wp\/v2\/media?parent=4930"}],"curies":[{"name":"wp","href":"https:\/\/api.w.org\/{rel}","templated":true}]}}