{"id":12899,"date":"2026-03-12T11:44:24","date_gmt":"2026-03-12T11:44:24","guid":{"rendered":"https:\/\/www.ramenvalves.com\/hitta-din-industri\/energi\/disctrict-heating\/"},"modified":"2026-03-26T10:56:38","modified_gmt":"2026-03-26T10:56:38","slug":"fjarrvarme","status":"publish","type":"page","link":"https:\/\/www.ramenvalves.com\/sv\/hitta-din-industri\/energi\/fjarrvarme\/","title":{"rendered":"Fj\u00e4rrv\u00e4rme"},"content":{"rendered":"","protected":false},"excerpt":{"rendered":"","protected":false},"author":5,"featured_media":0,"parent":9741,"menu_order":0,"comment_status":"closed","ping_status":"closed","template":"","meta":{"_acf_changed":false,"footnotes":""},"class_list":["post-12899","page","type-page","status-publish","hentry"],"acf":[],"yoast_head":"<!-- This site is optimized with the Yoast SEO plugin v27.2 - https:\/\/yoast.com\/product\/yoast-seo-wordpress\/ -->\n<title>Fj\u00e4rrv\u00e4rme - Ramen<\/title>\n<meta name=\"description\" content=\"Ram\u00e9n Valves erbjuder reglerventiler och avst\u00e4ngningsventiler som \u00e4r utvecklade f\u00f6r att klara de tuffa krav som st\u00e4lls i fj\u00e4rrv\u00e4rmeapplikationer.\" \/>\n<meta name=\"robots\" content=\"index, follow, max-snippet:-1, max-image-preview:large, max-video-preview:-1\" \/>\n<link rel=\"canonical\" href=\"https:\/\/www.ramenvalves.com\/sv\/hitta-din-industri\/energi\/fjarrvarme\/\" \/>\n<meta property=\"og:locale\" content=\"sv_SE\" \/>\n<meta property=\"og:type\" content=\"article\" \/>\n<meta property=\"og:title\" content=\"Fj\u00e4rrv\u00e4rme - Ramen\" \/>\n<meta property=\"og:description\" content=\"Ram\u00e9n Valves erbjuder reglerventiler och avst\u00e4ngningsventiler som \u00e4r utvecklade f\u00f6r att klara de tuffa krav som st\u00e4lls i fj\u00e4rrv\u00e4rmeapplikationer.\" \/>\n<meta property=\"og:url\" content=\"https:\/\/www.ramenvalves.com\/sv\/hitta-din-industri\/energi\/fjarrvarme\/\" \/>\n<meta property=\"og:site_name\" content=\"Ramen\" \/>\n<meta property=\"article:modified_time\" content=\"2026-03-26T10:56:38+00:00\" \/>\n<meta name=\"twitter:card\" content=\"summary_large_image\" \/>\n<script type=\"application\/ld+json\" class=\"yoast-schema-graph\">{\"@context\":\"https:\/\/schema.org\",\"@graph\":[{\"@type\":\"WebPage\",\"@id\":\"https:\/\/www.ramenvalves.com\/sv\/hitta-din-industri\/energi\/fjarrvarme\/\",\"url\":\"https:\/\/www.ramenvalves.com\/sv\/hitta-din-industri\/energi\/fjarrvarme\/\",\"name\":\"Fj\u00e4rrv\u00e4rme - Ramen\",\"isPartOf\":{\"@id\":\"https:\/\/www.ramenvalves.com\/#website\"},\"datePublished\":\"2026-03-12T11:44:24+00:00\",\"dateModified\":\"2026-03-26T10:56:38+00:00\",\"description\":\"Ram\u00e9n Valves erbjuder reglerventiler och avst\u00e4ngningsventiler som \u00e4r utvecklade f\u00f6r att klara de tuffa krav som st\u00e4lls i fj\u00e4rrv\u00e4rmeapplikationer.\",\"breadcrumb\":{\"@id\":\"https:\/\/www.ramenvalves.com\/sv\/hitta-din-industri\/energi\/fjarrvarme\/#breadcrumb\"},\"inLanguage\":\"sv-SE\",\"potentialAction\":[{\"@type\":\"ReadAction\",\"target\":[\"https:\/\/www.ramenvalves.com\/sv\/hitta-din-industri\/energi\/fjarrvarme\/\"]}]},{\"@type\":\"BreadcrumbList\",\"@id\":\"https:\/\/www.ramenvalves.com\/sv\/hitta-din-industri\/energi\/fjarrvarme\/#breadcrumb\",\"itemListElement\":[{\"@type\":\"ListItem\",\"position\":1,\"name\":\"Home\",\"item\":\"https:\/\/www.ramenvalves.com\/sv\/\"},{\"@type\":\"ListItem\",\"position\":2,\"name\":\"Hitta din industri\",\"item\":\"https:\/\/www.ramenvalves.com\/sv\/hitta-din-industri\/\"},{\"@type\":\"ListItem\",\"position\":3,\"name\":\"Energi\",\"item\":\"https:\/\/www.ramenvalves.com\/sv\/hitta-din-industri\/energi\/\"},{\"@type\":\"ListItem\",\"position\":4,\"name\":\"Fj\u00e4rrv\u00e4rme\"}]},{\"@type\":\"WebSite\",\"@id\":\"https:\/\/www.ramenvalves.com\/#website\",\"url\":\"https:\/\/www.ramenvalves.com\/\",\"name\":\"Ramen\",\"description\":\"Ramen\",\"potentialAction\":[{\"@type\":\"SearchAction\",\"target\":{\"@type\":\"EntryPoint\",\"urlTemplate\":\"https:\/\/www.ramenvalves.com\/?s={search_term_string}\"},\"query-input\":{\"@type\":\"PropertyValueSpecification\",\"valueRequired\":true,\"valueName\":\"search_term_string\"}}],\"inLanguage\":\"sv-SE\"}]}<\/script>\n<!-- \/ Yoast SEO plugin. -->","yoast_head_json":{"title":"Fj\u00e4rrv\u00e4rme - Ramen","description":"Ram\u00e9n Valves erbjuder reglerventiler och avst\u00e4ngningsventiler som \u00e4r utvecklade f\u00f6r att klara de tuffa krav som st\u00e4lls i fj\u00e4rrv\u00e4rmeapplikationer.","robots":{"index":"index","follow":"follow","max-snippet":"max-snippet:-1","max-image-preview":"max-image-preview:large","max-video-preview":"max-video-preview:-1"},"canonical":"https:\/\/www.ramenvalves.com\/sv\/hitta-din-industri\/energi\/fjarrvarme\/","og_locale":"sv_SE","og_type":"article","og_title":"Fj\u00e4rrv\u00e4rme - Ramen","og_description":"Ram\u00e9n Valves erbjuder reglerventiler och avst\u00e4ngningsventiler som \u00e4r utvecklade f\u00f6r att klara de tuffa krav som st\u00e4lls i fj\u00e4rrv\u00e4rmeapplikationer.","og_url":"https:\/\/www.ramenvalves.com\/sv\/hitta-din-industri\/energi\/fjarrvarme\/","og_site_name":"Ramen","article_modified_time":"2026-03-26T10:56:38+00:00","twitter_card":"summary_large_image","schema":{"@context":"https:\/\/schema.org","@graph":[{"@type":"WebPage","@id":"https:\/\/www.ramenvalves.com\/sv\/hitta-din-industri\/energi\/fjarrvarme\/","url":"https:\/\/www.ramenvalves.com\/sv\/hitta-din-industri\/energi\/fjarrvarme\/","name":"Fj\u00e4rrv\u00e4rme - Ramen","isPartOf":{"@id":"https:\/\/www.ramenvalves.com\/#website"},"datePublished":"2026-03-12T11:44:24+00:00","dateModified":"2026-03-26T10:56:38+00:00","description":"Ram\u00e9n Valves erbjuder reglerventiler och avst\u00e4ngningsventiler som \u00e4r utvecklade f\u00f6r att klara de tuffa krav som st\u00e4lls i fj\u00e4rrv\u00e4rmeapplikationer.","breadcrumb":{"@id":"https:\/\/www.ramenvalves.com\/sv\/hitta-din-industri\/energi\/fjarrvarme\/#breadcrumb"},"inLanguage":"sv-SE","potentialAction":[{"@type":"ReadAction","target":["https:\/\/www.ramenvalves.com\/sv\/hitta-din-industri\/energi\/fjarrvarme\/"]}]},{"@type":"BreadcrumbList","@id":"https:\/\/www.ramenvalves.com\/sv\/hitta-din-industri\/energi\/fjarrvarme\/#breadcrumb","itemListElement":[{"@type":"ListItem","position":1,"name":"Home","item":"https:\/\/www.ramenvalves.com\/sv\/"},{"@type":"ListItem","position":2,"name":"Hitta din industri","item":"https:\/\/www.ramenvalves.com\/sv\/hitta-din-industri\/"},{"@type":"ListItem","position":3,"name":"Energi","item":"https:\/\/www.ramenvalves.com\/sv\/hitta-din-industri\/energi\/"},{"@type":"ListItem","position":4,"name":"Fj\u00e4rrv\u00e4rme"}]},{"@type":"WebSite","@id":"https:\/\/www.ramenvalves.com\/#website","url":"https:\/\/www.ramenvalves.com\/","name":"Ramen","description":"Ramen","potentialAction":[{"@type":"SearchAction","target":{"@type":"EntryPoint","urlTemplate":"https:\/\/www.ramenvalves.com\/?s={search_term_string}"},"query-input":{"@type":"PropertyValueSpecification","valueRequired":true,"valueName":"search_term_string"}}],"inLanguage":"sv-SE"}]}},"_links":{"self":[{"href":"https:\/\/www.ramenvalves.com\/sv\/wp-json\/wp\/v2\/pages\/12899","targetHints":{"allow":["GET"]}}],"collection":[{"href":"https:\/\/www.ramenvalves.com\/sv\/wp-json\/wp\/v2\/pages"}],"about":[{"href":"https:\/\/www.ramenvalves.com\/sv\/wp-json\/wp\/v2\/types\/page"}],"author":[{"embeddable":true,"href":"https:\/\/www.ramenvalves.com\/sv\/wp-json\/wp\/v2\/users\/5"}],"replies":[{"embeddable":true,"href":"https:\/\/www.ramenvalves.com\/sv\/wp-json\/wp\/v2\/comments?post=12899"}],"version-history":[{"count":12,"href":"https:\/\/www.ramenvalves.com\/sv\/wp-json\/wp\/v2\/pages\/12899\/revisions"}],"predecessor-version":[{"id":12954,"href":"https:\/\/www.ramenvalves.com\/sv\/wp-json\/wp\/v2\/pages\/12899\/revisions\/12954"}],"up":[{"embeddable":true,"href":"https:\/\/www.ramenvalves.com\/sv\/wp-json\/wp\/v2\/pages\/9741"}],"wp:attachment":[{"href":"https:\/\/www.ramenvalves.com\/sv\/wp-json\/wp\/v2\/media?parent=12899"}],"curies":[{"name":"wp","href":"https:\/\/api.w.org\/{rel}","templated":true}]}}