{"id":12197,"date":"2025-09-01T08:06:13","date_gmt":"2025-09-01T08:06:13","guid":{"rendered":"https:\/\/www.ramenvalves.com\/?page_id=12197"},"modified":"2025-09-26T07:28:34","modified_gmt":"2025-09-26T07:28:34","slug":"designfordel-unik-tatningsdesign","status":"publish","type":"page","link":"https:\/\/www.ramenvalves.com\/sv\/varumarken\/ramen-ks-kulsektorventiler\/designfordel-unik-tatningsdesign\/","title":{"rendered":"Designf\u00f6rdel: Unik t\u00e4tningsdesign"},"content":{"rendered":"","protected":false},"excerpt":{"rendered":"","protected":false},"author":5,"featured_media":12093,"parent":12152,"menu_order":0,"comment_status":"closed","ping_status":"closed","template":"","meta":{"_acf_changed":false,"footnotes":""},"class_list":["post-12197","page","type-page","status-publish","has-post-thumbnail","hentry"],"acf":[],"yoast_head":"<!-- This site is optimized with the Yoast SEO plugin v27.3 - https:\/\/yoast.com\/product\/yoast-seo-wordpress\/ -->\n<title>Designf\u00f6rdel: Unik t\u00e4tningsdesign - Ramen<\/title>\n<meta name=\"description\" content=\"Tack vare Ram\u00e9n KS Kulsektorventils unika t\u00e4tningsdesign f\u00f6rblir t\u00e4tningsytan skyddad fr\u00e5n slitage under hela driftstiden.\" \/>\n<meta name=\"robots\" content=\"index, follow, max-snippet:-1, max-image-preview:large, max-video-preview:-1\" \/>\n<link rel=\"canonical\" href=\"https:\/\/www.ramenvalves.com\/sv\/varumarken\/ramen-ks-kulsektorventiler\/designfordel-unik-tatningsdesign\/\" \/>\n<meta property=\"og:locale\" content=\"sv_SE\" \/>\n<meta property=\"og:type\" content=\"article\" \/>\n<meta property=\"og:title\" content=\"Designf\u00f6rdel: Unik t\u00e4tningsdesign - Ramen\" \/>\n<meta property=\"og:description\" content=\"Tack vare Ram\u00e9n KS Kulsektorventils unika t\u00e4tningsdesign f\u00f6rblir t\u00e4tningsytan skyddad fr\u00e5n slitage under hela driftstiden.\" \/>\n<meta property=\"og:url\" content=\"https:\/\/www.ramenvalves.com\/sv\/varumarken\/ramen-ks-kulsektorventiler\/designfordel-unik-tatningsdesign\/\" \/>\n<meta property=\"og:site_name\" content=\"Ramen\" \/>\n<meta property=\"article:modified_time\" content=\"2025-09-26T07:28:34+00:00\" \/>\n<meta property=\"og:image\" content=\"https:\/\/www.ramenvalves.com\/wp-content\/uploads\/2025\/08\/The-margin-between-the-sealing-surface-and-the-area-exposed-to-abrasion.jpeg\" \/>\n\t<meta property=\"og:image:width\" content=\"700\" \/>\n\t<meta property=\"og:image:height\" content=\"437\" \/>\n\t<meta property=\"og:image:type\" content=\"image\/jpeg\" \/>\n<meta name=\"twitter:card\" content=\"summary_large_image\" \/>\n<meta name=\"twitter:label1\" content=\"Ber\u00e4knad l\u00e4stid\" \/>\n\t<meta name=\"twitter:data1\" content=\"1 minut\" \/>\n<script type=\"application\/ld+json\" class=\"yoast-schema-graph\">{\"@context\":\"https:\\\/\\\/schema.org\",\"@graph\":[{\"@type\":\"WebPage\",\"@id\":\"https:\\\/\\\/www.ramenvalves.com\\\/sv\\\/varumarken\\\/ramen-ks-kulsektorventiler\\\/designfordel-unik-tatningsdesign\\\/\",\"url\":\"https:\\\/\\\/www.ramenvalves.com\\\/sv\\\/varumarken\\\/ramen-ks-kulsektorventiler\\\/designfordel-unik-tatningsdesign\\\/\",\"name\":\"Designf\u00f6rdel: Unik t\u00e4tningsdesign - Ramen\",\"isPartOf\":{\"@id\":\"https:\\\/\\\/www.ramenvalves.com\\\/#website\"},\"primaryImageOfPage\":{\"@id\":\"https:\\\/\\\/www.ramenvalves.com\\\/sv\\\/varumarken\\\/ramen-ks-kulsektorventiler\\\/designfordel-unik-tatningsdesign\\\/#primaryimage\"},\"image\":{\"@id\":\"https:\\\/\\\/www.ramenvalves.com\\\/sv\\\/varumarken\\\/ramen-ks-kulsektorventiler\\\/designfordel-unik-tatningsdesign\\\/#primaryimage\"},\"thumbnailUrl\":\"https:\\\/\\\/www.ramenvalves.com\\\/wp-content\\\/uploads\\\/2025\\\/08\\\/The-margin-between-the-sealing-surface-and-the-area-exposed-to-abrasion.jpeg\",\"datePublished\":\"2025-09-01T08:06:13+00:00\",\"dateModified\":\"2025-09-26T07:28:34+00:00\",\"description\":\"Tack vare Ram\u00e9n KS Kulsektorventils unika t\u00e4tningsdesign f\u00f6rblir t\u00e4tningsytan skyddad fr\u00e5n slitage under hela driftstiden.\",\"breadcrumb\":{\"@id\":\"https:\\\/\\\/www.ramenvalves.com\\\/sv\\\/varumarken\\\/ramen-ks-kulsektorventiler\\\/designfordel-unik-tatningsdesign\\\/#breadcrumb\"},\"inLanguage\":\"sv-SE\",\"potentialAction\":[{\"@type\":\"ReadAction\",\"target\":[\"https:\\\/\\\/www.ramenvalves.com\\\/sv\\\/varumarken\\\/ramen-ks-kulsektorventiler\\\/designfordel-unik-tatningsdesign\\\/\"]}]},{\"@type\":\"ImageObject\",\"inLanguage\":\"sv-SE\",\"@id\":\"https:\\\/\\\/www.ramenvalves.com\\\/sv\\\/varumarken\\\/ramen-ks-kulsektorventiler\\\/designfordel-unik-tatningsdesign\\\/#primaryimage\",\"url\":\"https:\\\/\\\/www.ramenvalves.com\\\/wp-content\\\/uploads\\\/2025\\\/08\\\/The-margin-between-the-sealing-surface-and-the-area-exposed-to-abrasion.jpeg\",\"contentUrl\":\"https:\\\/\\\/www.ramenvalves.com\\\/wp-content\\\/uploads\\\/2025\\\/08\\\/The-margin-between-the-sealing-surface-and-the-area-exposed-to-abrasion.jpeg\",\"width\":700,\"height\":437,\"caption\":\"The margin between the sealing surface and the area exposed to abrasion\"},{\"@type\":\"BreadcrumbList\",\"@id\":\"https:\\\/\\\/www.ramenvalves.com\\\/sv\\\/varumarken\\\/ramen-ks-kulsektorventiler\\\/designfordel-unik-tatningsdesign\\\/#breadcrumb\",\"itemListElement\":[{\"@type\":\"ListItem\",\"position\":1,\"name\":\"Home\",\"item\":\"https:\\\/\\\/www.ramenvalves.com\\\/sv\\\/\"},{\"@type\":\"ListItem\",\"position\":2,\"name\":\"V\u00e5ra varum\u00e4rken\",\"item\":\"https:\\\/\\\/www.ramenvalves.com\\\/sv\\\/varumarken\\\/\"},{\"@type\":\"ListItem\",\"position\":3,\"name\":\"Ram\u00e9n KS Kulsektorventiler\",\"item\":\"https:\\\/\\\/www.ramenvalves.com\\\/sv\\\/varumarken\\\/ramen-ks-kulsektorventiler\\\/\"},{\"@type\":\"ListItem\",\"position\":4,\"name\":\"Designf\u00f6rdel: Unik t\u00e4tningsdesign\"}]},{\"@type\":\"WebSite\",\"@id\":\"https:\\\/\\\/www.ramenvalves.com\\\/#website\",\"url\":\"https:\\\/\\\/www.ramenvalves.com\\\/\",\"name\":\"Ramen\",\"description\":\"Ramen\",\"potentialAction\":[{\"@type\":\"SearchAction\",\"target\":{\"@type\":\"EntryPoint\",\"urlTemplate\":\"https:\\\/\\\/www.ramenvalves.com\\\/?s={search_term_string}\"},\"query-input\":{\"@type\":\"PropertyValueSpecification\",\"valueRequired\":true,\"valueName\":\"search_term_string\"}}],\"inLanguage\":\"sv-SE\"}]}<\/script>\n<!-- \/ Yoast SEO plugin. -->","yoast_head_json":{"title":"Designf\u00f6rdel: Unik t\u00e4tningsdesign - Ramen","description":"Tack vare Ram\u00e9n KS Kulsektorventils unika t\u00e4tningsdesign f\u00f6rblir t\u00e4tningsytan skyddad fr\u00e5n slitage under hela driftstiden.","robots":{"index":"index","follow":"follow","max-snippet":"max-snippet:-1","max-image-preview":"max-image-preview:large","max-video-preview":"max-video-preview:-1"},"canonical":"https:\/\/www.ramenvalves.com\/sv\/varumarken\/ramen-ks-kulsektorventiler\/designfordel-unik-tatningsdesign\/","og_locale":"sv_SE","og_type":"article","og_title":"Designf\u00f6rdel: Unik t\u00e4tningsdesign - Ramen","og_description":"Tack vare Ram\u00e9n KS Kulsektorventils unika t\u00e4tningsdesign f\u00f6rblir t\u00e4tningsytan skyddad fr\u00e5n slitage under hela driftstiden.","og_url":"https:\/\/www.ramenvalves.com\/sv\/varumarken\/ramen-ks-kulsektorventiler\/designfordel-unik-tatningsdesign\/","og_site_name":"Ramen","article_modified_time":"2025-09-26T07:28:34+00:00","og_image":[{"width":700,"height":437,"url":"https:\/\/www.ramenvalves.com\/wp-content\/uploads\/2025\/08\/The-margin-between-the-sealing-surface-and-the-area-exposed-to-abrasion.jpeg","type":"image\/jpeg"}],"twitter_card":"summary_large_image","twitter_misc":{"Ber\u00e4knad l\u00e4stid":"1 minut"},"schema":{"@context":"https:\/\/schema.org","@graph":[{"@type":"WebPage","@id":"https:\/\/www.ramenvalves.com\/sv\/varumarken\/ramen-ks-kulsektorventiler\/designfordel-unik-tatningsdesign\/","url":"https:\/\/www.ramenvalves.com\/sv\/varumarken\/ramen-ks-kulsektorventiler\/designfordel-unik-tatningsdesign\/","name":"Designf\u00f6rdel: Unik t\u00e4tningsdesign - Ramen","isPartOf":{"@id":"https:\/\/www.ramenvalves.com\/#website"},"primaryImageOfPage":{"@id":"https:\/\/www.ramenvalves.com\/sv\/varumarken\/ramen-ks-kulsektorventiler\/designfordel-unik-tatningsdesign\/#primaryimage"},"image":{"@id":"https:\/\/www.ramenvalves.com\/sv\/varumarken\/ramen-ks-kulsektorventiler\/designfordel-unik-tatningsdesign\/#primaryimage"},"thumbnailUrl":"https:\/\/www.ramenvalves.com\/wp-content\/uploads\/2025\/08\/The-margin-between-the-sealing-surface-and-the-area-exposed-to-abrasion.jpeg","datePublished":"2025-09-01T08:06:13+00:00","dateModified":"2025-09-26T07:28:34+00:00","description":"Tack vare Ram\u00e9n KS Kulsektorventils unika t\u00e4tningsdesign f\u00f6rblir t\u00e4tningsytan skyddad fr\u00e5n slitage under hela driftstiden.","breadcrumb":{"@id":"https:\/\/www.ramenvalves.com\/sv\/varumarken\/ramen-ks-kulsektorventiler\/designfordel-unik-tatningsdesign\/#breadcrumb"},"inLanguage":"sv-SE","potentialAction":[{"@type":"ReadAction","target":["https:\/\/www.ramenvalves.com\/sv\/varumarken\/ramen-ks-kulsektorventiler\/designfordel-unik-tatningsdesign\/"]}]},{"@type":"ImageObject","inLanguage":"sv-SE","@id":"https:\/\/www.ramenvalves.com\/sv\/varumarken\/ramen-ks-kulsektorventiler\/designfordel-unik-tatningsdesign\/#primaryimage","url":"https:\/\/www.ramenvalves.com\/wp-content\/uploads\/2025\/08\/The-margin-between-the-sealing-surface-and-the-area-exposed-to-abrasion.jpeg","contentUrl":"https:\/\/www.ramenvalves.com\/wp-content\/uploads\/2025\/08\/The-margin-between-the-sealing-surface-and-the-area-exposed-to-abrasion.jpeg","width":700,"height":437,"caption":"The margin between the sealing surface and the area exposed to abrasion"},{"@type":"BreadcrumbList","@id":"https:\/\/www.ramenvalves.com\/sv\/varumarken\/ramen-ks-kulsektorventiler\/designfordel-unik-tatningsdesign\/#breadcrumb","itemListElement":[{"@type":"ListItem","position":1,"name":"Home","item":"https:\/\/www.ramenvalves.com\/sv\/"},{"@type":"ListItem","position":2,"name":"V\u00e5ra varum\u00e4rken","item":"https:\/\/www.ramenvalves.com\/sv\/varumarken\/"},{"@type":"ListItem","position":3,"name":"Ram\u00e9n KS Kulsektorventiler","item":"https:\/\/www.ramenvalves.com\/sv\/varumarken\/ramen-ks-kulsektorventiler\/"},{"@type":"ListItem","position":4,"name":"Designf\u00f6rdel: Unik t\u00e4tningsdesign"}]},{"@type":"WebSite","@id":"https:\/\/www.ramenvalves.com\/#website","url":"https:\/\/www.ramenvalves.com\/","name":"Ramen","description":"Ramen","potentialAction":[{"@type":"SearchAction","target":{"@type":"EntryPoint","urlTemplate":"https:\/\/www.ramenvalves.com\/?s={search_term_string}"},"query-input":{"@type":"PropertyValueSpecification","valueRequired":true,"valueName":"search_term_string"}}],"inLanguage":"sv-SE"}]}},"_links":{"self":[{"href":"https:\/\/www.ramenvalves.com\/sv\/wp-json\/wp\/v2\/pages\/12197","targetHints":{"allow":["GET"]}}],"collection":[{"href":"https:\/\/www.ramenvalves.com\/sv\/wp-json\/wp\/v2\/pages"}],"about":[{"href":"https:\/\/www.ramenvalves.com\/sv\/wp-json\/wp\/v2\/types\/page"}],"author":[{"embeddable":true,"href":"https:\/\/www.ramenvalves.com\/sv\/wp-json\/wp\/v2\/users\/5"}],"replies":[{"embeddable":true,"href":"https:\/\/www.ramenvalves.com\/sv\/wp-json\/wp\/v2\/comments?post=12197"}],"version-history":[{"count":11,"href":"https:\/\/www.ramenvalves.com\/sv\/wp-json\/wp\/v2\/pages\/12197\/revisions"}],"predecessor-version":[{"id":12364,"href":"https:\/\/www.ramenvalves.com\/sv\/wp-json\/wp\/v2\/pages\/12197\/revisions\/12364"}],"up":[{"embeddable":true,"href":"https:\/\/www.ramenvalves.com\/sv\/wp-json\/wp\/v2\/pages\/12152"}],"wp:featuredmedia":[{"embeddable":true,"href":"https:\/\/www.ramenvalves.com\/sv\/wp-json\/wp\/v2\/media\/12093"}],"wp:attachment":[{"href":"https:\/\/www.ramenvalves.com\/sv\/wp-json\/wp\/v2\/media?parent=12197"}],"curies":[{"name":"wp","href":"https:\/\/api.w.org\/{rel}","templated":true}]}}