{"id":10446,"date":"2024-10-04T11:08:09","date_gmt":"2024-10-04T11:08:09","guid":{"rendered":"https:\/\/www.ramenvalves.com\/om-oss\/referenser\/application-throttling-control-of-water-to-magnetic-separator-where-iron-is-separated-from-granite-in-iron-ore-dressing-plants\/"},"modified":"2025-09-26T07:33:22","modified_gmt":"2025-09-26T07:33:22","slug":"applikation-flodeskontroll-av-vatten-till-magnetseparator","status":"publish","type":"page","link":"https:\/\/www.ramenvalves.com\/sv\/om-oss\/referenser\/applikation-flodeskontroll-av-vatten-till-magnetseparator\/","title":{"rendered":"Applikation: Fl\u00f6deskontroll av vatten till magnetseparator, d\u00e4r j\u00e4rn separeras fr\u00e5n granit vid anrikning av j\u00e4rnmalm"},"content":{"rendered":"","protected":false},"excerpt":{"rendered":"","protected":false},"author":5,"featured_media":0,"parent":8732,"menu_order":0,"comment_status":"closed","ping_status":"closed","template":"","meta":{"_acf_changed":false,"footnotes":""},"class_list":["post-10446","page","type-page","status-publish","hentry"],"acf":[],"yoast_head":"<!-- This site is optimized with the Yoast SEO plugin v27.3 - https:\/\/yoast.com\/product\/yoast-seo-wordpress\/ -->\n<title>Applikation: Fl\u00f6deskontroll av vatten till magnetseparator, d\u00e4r j\u00e4rn separeras fr\u00e5n granit vid anrikning av j\u00e4rnmalm - Ramen<\/title>\n<meta name=\"robots\" content=\"index, follow, max-snippet:-1, max-image-preview:large, max-video-preview:-1\" \/>\n<link rel=\"canonical\" href=\"https:\/\/www.ramenvalves.com\/sv\/om-oss\/referenser\/applikation-flodeskontroll-av-vatten-till-magnetseparator\/\" \/>\n<meta property=\"og:locale\" content=\"sv_SE\" \/>\n<meta property=\"og:type\" content=\"article\" \/>\n<meta property=\"og:title\" content=\"Applikation: Fl\u00f6deskontroll av vatten till magnetseparator, d\u00e4r j\u00e4rn separeras fr\u00e5n granit vid anrikning av j\u00e4rnmalm - Ramen\" \/>\n<meta property=\"og:url\" content=\"https:\/\/www.ramenvalves.com\/sv\/om-oss\/referenser\/applikation-flodeskontroll-av-vatten-till-magnetseparator\/\" \/>\n<meta property=\"og:site_name\" content=\"Ramen\" \/>\n<meta property=\"article:modified_time\" content=\"2025-09-26T07:33:22+00:00\" \/>\n<meta name=\"twitter:card\" content=\"summary_large_image\" \/>\n<script type=\"application\/ld+json\" class=\"yoast-schema-graph\">{\"@context\":\"https:\\\/\\\/schema.org\",\"@graph\":[{\"@type\":\"WebPage\",\"@id\":\"https:\\\/\\\/www.ramenvalves.com\\\/sv\\\/om-oss\\\/referenser\\\/applikation-flodeskontroll-av-vatten-till-magnetseparator\\\/\",\"url\":\"https:\\\/\\\/www.ramenvalves.com\\\/sv\\\/om-oss\\\/referenser\\\/applikation-flodeskontroll-av-vatten-till-magnetseparator\\\/\",\"name\":\"Applikation: Fl\u00f6deskontroll av vatten till magnetseparator, d\u00e4r j\u00e4rn separeras fr\u00e5n granit vid anrikning av j\u00e4rnmalm - Ramen\",\"isPartOf\":{\"@id\":\"https:\\\/\\\/www.ramenvalves.com\\\/#website\"},\"datePublished\":\"2024-10-04T11:08:09+00:00\",\"dateModified\":\"2025-09-26T07:33:22+00:00\",\"breadcrumb\":{\"@id\":\"https:\\\/\\\/www.ramenvalves.com\\\/sv\\\/om-oss\\\/referenser\\\/applikation-flodeskontroll-av-vatten-till-magnetseparator\\\/#breadcrumb\"},\"inLanguage\":\"sv-SE\",\"potentialAction\":[{\"@type\":\"ReadAction\",\"target\":[\"https:\\\/\\\/www.ramenvalves.com\\\/sv\\\/om-oss\\\/referenser\\\/applikation-flodeskontroll-av-vatten-till-magnetseparator\\\/\"]}]},{\"@type\":\"BreadcrumbList\",\"@id\":\"https:\\\/\\\/www.ramenvalves.com\\\/sv\\\/om-oss\\\/referenser\\\/applikation-flodeskontroll-av-vatten-till-magnetseparator\\\/#breadcrumb\",\"itemListElement\":[{\"@type\":\"ListItem\",\"position\":1,\"name\":\"Home\",\"item\":\"https:\\\/\\\/www.ramenvalves.com\\\/sv\\\/\"},{\"@type\":\"ListItem\",\"position\":2,\"name\":\"Om oss\",\"item\":\"https:\\\/\\\/www.ramenvalves.com\\\/sv\\\/om-oss\\\/\"},{\"@type\":\"ListItem\",\"position\":3,\"name\":\"Referenser\",\"item\":\"https:\\\/\\\/www.ramenvalves.com\\\/sv\\\/om-oss\\\/referenser\\\/\"},{\"@type\":\"ListItem\",\"position\":4,\"name\":\"Applikation: Fl\u00f6deskontroll av vatten till magnetseparator, d\u00e4r j\u00e4rn separeras fr\u00e5n granit vid anrikning av j\u00e4rnmalm\"}]},{\"@type\":\"WebSite\",\"@id\":\"https:\\\/\\\/www.ramenvalves.com\\\/#website\",\"url\":\"https:\\\/\\\/www.ramenvalves.com\\\/\",\"name\":\"Ramen\",\"description\":\"Ramen\",\"potentialAction\":[{\"@type\":\"SearchAction\",\"target\":{\"@type\":\"EntryPoint\",\"urlTemplate\":\"https:\\\/\\\/www.ramenvalves.com\\\/?s={search_term_string}\"},\"query-input\":{\"@type\":\"PropertyValueSpecification\",\"valueRequired\":true,\"valueName\":\"search_term_string\"}}],\"inLanguage\":\"sv-SE\"}]}<\/script>\n<!-- \/ Yoast SEO plugin. -->","yoast_head_json":{"title":"Applikation: Fl\u00f6deskontroll av vatten till magnetseparator, d\u00e4r j\u00e4rn separeras fr\u00e5n granit vid anrikning av j\u00e4rnmalm - Ramen","robots":{"index":"index","follow":"follow","max-snippet":"max-snippet:-1","max-image-preview":"max-image-preview:large","max-video-preview":"max-video-preview:-1"},"canonical":"https:\/\/www.ramenvalves.com\/sv\/om-oss\/referenser\/applikation-flodeskontroll-av-vatten-till-magnetseparator\/","og_locale":"sv_SE","og_type":"article","og_title":"Applikation: Fl\u00f6deskontroll av vatten till magnetseparator, d\u00e4r j\u00e4rn separeras fr\u00e5n granit vid anrikning av j\u00e4rnmalm - Ramen","og_url":"https:\/\/www.ramenvalves.com\/sv\/om-oss\/referenser\/applikation-flodeskontroll-av-vatten-till-magnetseparator\/","og_site_name":"Ramen","article_modified_time":"2025-09-26T07:33:22+00:00","twitter_card":"summary_large_image","schema":{"@context":"https:\/\/schema.org","@graph":[{"@type":"WebPage","@id":"https:\/\/www.ramenvalves.com\/sv\/om-oss\/referenser\/applikation-flodeskontroll-av-vatten-till-magnetseparator\/","url":"https:\/\/www.ramenvalves.com\/sv\/om-oss\/referenser\/applikation-flodeskontroll-av-vatten-till-magnetseparator\/","name":"Applikation: Fl\u00f6deskontroll av vatten till magnetseparator, d\u00e4r j\u00e4rn separeras fr\u00e5n granit vid anrikning av j\u00e4rnmalm - Ramen","isPartOf":{"@id":"https:\/\/www.ramenvalves.com\/#website"},"datePublished":"2024-10-04T11:08:09+00:00","dateModified":"2025-09-26T07:33:22+00:00","breadcrumb":{"@id":"https:\/\/www.ramenvalves.com\/sv\/om-oss\/referenser\/applikation-flodeskontroll-av-vatten-till-magnetseparator\/#breadcrumb"},"inLanguage":"sv-SE","potentialAction":[{"@type":"ReadAction","target":["https:\/\/www.ramenvalves.com\/sv\/om-oss\/referenser\/applikation-flodeskontroll-av-vatten-till-magnetseparator\/"]}]},{"@type":"BreadcrumbList","@id":"https:\/\/www.ramenvalves.com\/sv\/om-oss\/referenser\/applikation-flodeskontroll-av-vatten-till-magnetseparator\/#breadcrumb","itemListElement":[{"@type":"ListItem","position":1,"name":"Home","item":"https:\/\/www.ramenvalves.com\/sv\/"},{"@type":"ListItem","position":2,"name":"Om oss","item":"https:\/\/www.ramenvalves.com\/sv\/om-oss\/"},{"@type":"ListItem","position":3,"name":"Referenser","item":"https:\/\/www.ramenvalves.com\/sv\/om-oss\/referenser\/"},{"@type":"ListItem","position":4,"name":"Applikation: Fl\u00f6deskontroll av vatten till magnetseparator, d\u00e4r j\u00e4rn separeras fr\u00e5n granit vid anrikning av j\u00e4rnmalm"}]},{"@type":"WebSite","@id":"https:\/\/www.ramenvalves.com\/#website","url":"https:\/\/www.ramenvalves.com\/","name":"Ramen","description":"Ramen","potentialAction":[{"@type":"SearchAction","target":{"@type":"EntryPoint","urlTemplate":"https:\/\/www.ramenvalves.com\/?s={search_term_string}"},"query-input":{"@type":"PropertyValueSpecification","valueRequired":true,"valueName":"search_term_string"}}],"inLanguage":"sv-SE"}]}},"_links":{"self":[{"href":"https:\/\/www.ramenvalves.com\/sv\/wp-json\/wp\/v2\/pages\/10446","targetHints":{"allow":["GET"]}}],"collection":[{"href":"https:\/\/www.ramenvalves.com\/sv\/wp-json\/wp\/v2\/pages"}],"about":[{"href":"https:\/\/www.ramenvalves.com\/sv\/wp-json\/wp\/v2\/types\/page"}],"author":[{"embeddable":true,"href":"https:\/\/www.ramenvalves.com\/sv\/wp-json\/wp\/v2\/users\/5"}],"replies":[{"embeddable":true,"href":"https:\/\/www.ramenvalves.com\/sv\/wp-json\/wp\/v2\/comments?post=10446"}],"version-history":[{"count":8,"href":"https:\/\/www.ramenvalves.com\/sv\/wp-json\/wp\/v2\/pages\/10446\/revisions"}],"predecessor-version":[{"id":12371,"href":"https:\/\/www.ramenvalves.com\/sv\/wp-json\/wp\/v2\/pages\/10446\/revisions\/12371"}],"up":[{"embeddable":true,"href":"https:\/\/www.ramenvalves.com\/sv\/wp-json\/wp\/v2\/pages\/8732"}],"wp:attachment":[{"href":"https:\/\/www.ramenvalves.com\/sv\/wp-json\/wp\/v2\/media?parent=10446"}],"curies":[{"name":"wp","href":"https:\/\/api.w.org\/{rel}","templated":true}]}}