{"id":10387,"date":"2019-07-04T12:10:38","date_gmt":"2019-07-04T12:10:38","guid":{"rendered":"https:\/\/www.ramenvalves.com\/hitta-din-industri\/mining-and-minerals\/"},"modified":"2025-09-26T06:48:47","modified_gmt":"2025-09-26T06:48:47","slug":"gruvor-mineraler","status":"publish","type":"page","link":"https:\/\/www.ramenvalves.com\/sv\/hitta-din-industri\/gruvor-mineraler\/","title":{"rendered":"Gruvor och mineraler"},"content":{"rendered":"","protected":false},"excerpt":{"rendered":"","protected":false},"author":5,"featured_media":10206,"parent":4977,"menu_order":0,"comment_status":"closed","ping_status":"closed","template":"","meta":{"_acf_changed":false,"footnotes":""},"class_list":["post-10387","page","type-page","status-publish","has-post-thumbnail","hentry"],"acf":[],"yoast_head":"<!-- This site is optimized with the Yoast SEO plugin v27.3 - https:\/\/yoast.com\/product\/yoast-seo-wordpress\/ -->\n<title>Gruvor och mineraler - Ramen<\/title>\n<meta name=\"description\" content=\"Ventiler s\u00e4rskilt konstruerade f\u00f6r att reglera media som f\u00f6rekommer i gruvor. T.ex. j\u00e4rnmalmsslurry, kalkvatten &amp; slipvatten.\" \/>\n<meta name=\"robots\" content=\"index, follow, max-snippet:-1, max-image-preview:large, max-video-preview:-1\" \/>\n<link rel=\"canonical\" href=\"https:\/\/www.ramenvalves.com\/sv\/hitta-din-industri\/gruvor-mineraler\/\" \/>\n<meta property=\"og:locale\" content=\"sv_SE\" \/>\n<meta property=\"og:type\" content=\"article\" \/>\n<meta property=\"og:title\" content=\"Gruvor och mineraler - Ramen\" \/>\n<meta property=\"og:description\" content=\"Ventiler s\u00e4rskilt konstruerade f\u00f6r att reglera media som f\u00f6rekommer i gruvor. T.ex. j\u00e4rnmalmsslurry, kalkvatten &amp; slipvatten.\" \/>\n<meta property=\"og:url\" content=\"https:\/\/www.ramenvalves.com\/sv\/hitta-din-industri\/gruvor-mineraler\/\" \/>\n<meta property=\"og:site_name\" content=\"Ramen\" \/>\n<meta property=\"article:modified_time\" content=\"2025-09-26T06:48:47+00:00\" \/>\n<meta property=\"og:image\" content=\"https:\/\/www.ramenvalves.com\/wp-content\/uploads\/2024\/09\/Ramen-KSG-rubber-lined-valve-for-mining.jpg\" \/>\n\t<meta property=\"og:image:width\" content=\"1200\" \/>\n\t<meta property=\"og:image:height\" content=\"627\" \/>\n\t<meta property=\"og:image:type\" content=\"image\/jpeg\" \/>\n<meta name=\"twitter:card\" content=\"summary_large_image\" \/>\n<meta name=\"twitter:label1\" content=\"Ber\u00e4knad l\u00e4stid\" \/>\n\t<meta name=\"twitter:data1\" content=\"1 minut\" \/>\n<script type=\"application\/ld+json\" class=\"yoast-schema-graph\">{\"@context\":\"https:\\\/\\\/schema.org\",\"@graph\":[{\"@type\":\"WebPage\",\"@id\":\"https:\\\/\\\/www.ramenvalves.com\\\/sv\\\/hitta-din-industri\\\/gruvor-mineraler\\\/\",\"url\":\"https:\\\/\\\/www.ramenvalves.com\\\/sv\\\/hitta-din-industri\\\/gruvor-mineraler\\\/\",\"name\":\"Gruvor och mineraler - Ramen\",\"isPartOf\":{\"@id\":\"https:\\\/\\\/www.ramenvalves.com\\\/#website\"},\"primaryImageOfPage\":{\"@id\":\"https:\\\/\\\/www.ramenvalves.com\\\/sv\\\/hitta-din-industri\\\/gruvor-mineraler\\\/#primaryimage\"},\"image\":{\"@id\":\"https:\\\/\\\/www.ramenvalves.com\\\/sv\\\/hitta-din-industri\\\/gruvor-mineraler\\\/#primaryimage\"},\"thumbnailUrl\":\"https:\\\/\\\/www.ramenvalves.com\\\/wp-content\\\/uploads\\\/2024\\\/09\\\/Ramen-KSG-rubber-lined-valve-for-mining.jpg\",\"datePublished\":\"2019-07-04T12:10:38+00:00\",\"dateModified\":\"2025-09-26T06:48:47+00:00\",\"description\":\"Ventiler s\u00e4rskilt konstruerade f\u00f6r att reglera media som f\u00f6rekommer i gruvor. T.ex. j\u00e4rnmalmsslurry, kalkvatten & slipvatten.\",\"breadcrumb\":{\"@id\":\"https:\\\/\\\/www.ramenvalves.com\\\/sv\\\/hitta-din-industri\\\/gruvor-mineraler\\\/#breadcrumb\"},\"inLanguage\":\"sv-SE\",\"potentialAction\":[{\"@type\":\"ReadAction\",\"target\":[\"https:\\\/\\\/www.ramenvalves.com\\\/sv\\\/hitta-din-industri\\\/gruvor-mineraler\\\/\"]}]},{\"@type\":\"ImageObject\",\"inLanguage\":\"sv-SE\",\"@id\":\"https:\\\/\\\/www.ramenvalves.com\\\/sv\\\/hitta-din-industri\\\/gruvor-mineraler\\\/#primaryimage\",\"url\":\"https:\\\/\\\/www.ramenvalves.com\\\/wp-content\\\/uploads\\\/2024\\\/09\\\/Ramen-KSG-rubber-lined-valve-for-mining.jpg\",\"contentUrl\":\"https:\\\/\\\/www.ramenvalves.com\\\/wp-content\\\/uploads\\\/2024\\\/09\\\/Ramen-KSG-rubber-lined-valve-for-mining.jpg\",\"width\":1200,\"height\":627,\"caption\":\"Ramen KSG Gummerad Kulsektorventil f\u00f6r gruvor\"},{\"@type\":\"BreadcrumbList\",\"@id\":\"https:\\\/\\\/www.ramenvalves.com\\\/sv\\\/hitta-din-industri\\\/gruvor-mineraler\\\/#breadcrumb\",\"itemListElement\":[{\"@type\":\"ListItem\",\"position\":1,\"name\":\"Home\",\"item\":\"https:\\\/\\\/www.ramenvalves.com\\\/sv\\\/\"},{\"@type\":\"ListItem\",\"position\":2,\"name\":\"Hitta din industri\",\"item\":\"https:\\\/\\\/www.ramenvalves.com\\\/sv\\\/hitta-din-industri\\\/\"},{\"@type\":\"ListItem\",\"position\":3,\"name\":\"Gruvor och mineraler\"}]},{\"@type\":\"WebSite\",\"@id\":\"https:\\\/\\\/www.ramenvalves.com\\\/#website\",\"url\":\"https:\\\/\\\/www.ramenvalves.com\\\/\",\"name\":\"Ramen\",\"description\":\"Ramen\",\"potentialAction\":[{\"@type\":\"SearchAction\",\"target\":{\"@type\":\"EntryPoint\",\"urlTemplate\":\"https:\\\/\\\/www.ramenvalves.com\\\/?s={search_term_string}\"},\"query-input\":{\"@type\":\"PropertyValueSpecification\",\"valueRequired\":true,\"valueName\":\"search_term_string\"}}],\"inLanguage\":\"sv-SE\"}]}<\/script>\n<!-- \/ Yoast SEO plugin. -->","yoast_head_json":{"title":"Gruvor och mineraler - Ramen","description":"Ventiler s\u00e4rskilt konstruerade f\u00f6r att reglera media som f\u00f6rekommer i gruvor. T.ex. j\u00e4rnmalmsslurry, kalkvatten & slipvatten.","robots":{"index":"index","follow":"follow","max-snippet":"max-snippet:-1","max-image-preview":"max-image-preview:large","max-video-preview":"max-video-preview:-1"},"canonical":"https:\/\/www.ramenvalves.com\/sv\/hitta-din-industri\/gruvor-mineraler\/","og_locale":"sv_SE","og_type":"article","og_title":"Gruvor och mineraler - Ramen","og_description":"Ventiler s\u00e4rskilt konstruerade f\u00f6r att reglera media som f\u00f6rekommer i gruvor. T.ex. j\u00e4rnmalmsslurry, kalkvatten & slipvatten.","og_url":"https:\/\/www.ramenvalves.com\/sv\/hitta-din-industri\/gruvor-mineraler\/","og_site_name":"Ramen","article_modified_time":"2025-09-26T06:48:47+00:00","og_image":[{"width":1200,"height":627,"url":"https:\/\/www.ramenvalves.com\/wp-content\/uploads\/2024\/09\/Ramen-KSG-rubber-lined-valve-for-mining.jpg","type":"image\/jpeg"}],"twitter_card":"summary_large_image","twitter_misc":{"Ber\u00e4knad l\u00e4stid":"1 minut"},"schema":{"@context":"https:\/\/schema.org","@graph":[{"@type":"WebPage","@id":"https:\/\/www.ramenvalves.com\/sv\/hitta-din-industri\/gruvor-mineraler\/","url":"https:\/\/www.ramenvalves.com\/sv\/hitta-din-industri\/gruvor-mineraler\/","name":"Gruvor och mineraler - Ramen","isPartOf":{"@id":"https:\/\/www.ramenvalves.com\/#website"},"primaryImageOfPage":{"@id":"https:\/\/www.ramenvalves.com\/sv\/hitta-din-industri\/gruvor-mineraler\/#primaryimage"},"image":{"@id":"https:\/\/www.ramenvalves.com\/sv\/hitta-din-industri\/gruvor-mineraler\/#primaryimage"},"thumbnailUrl":"https:\/\/www.ramenvalves.com\/wp-content\/uploads\/2024\/09\/Ramen-KSG-rubber-lined-valve-for-mining.jpg","datePublished":"2019-07-04T12:10:38+00:00","dateModified":"2025-09-26T06:48:47+00:00","description":"Ventiler s\u00e4rskilt konstruerade f\u00f6r att reglera media som f\u00f6rekommer i gruvor. T.ex. j\u00e4rnmalmsslurry, kalkvatten & slipvatten.","breadcrumb":{"@id":"https:\/\/www.ramenvalves.com\/sv\/hitta-din-industri\/gruvor-mineraler\/#breadcrumb"},"inLanguage":"sv-SE","potentialAction":[{"@type":"ReadAction","target":["https:\/\/www.ramenvalves.com\/sv\/hitta-din-industri\/gruvor-mineraler\/"]}]},{"@type":"ImageObject","inLanguage":"sv-SE","@id":"https:\/\/www.ramenvalves.com\/sv\/hitta-din-industri\/gruvor-mineraler\/#primaryimage","url":"https:\/\/www.ramenvalves.com\/wp-content\/uploads\/2024\/09\/Ramen-KSG-rubber-lined-valve-for-mining.jpg","contentUrl":"https:\/\/www.ramenvalves.com\/wp-content\/uploads\/2024\/09\/Ramen-KSG-rubber-lined-valve-for-mining.jpg","width":1200,"height":627,"caption":"Ramen KSG Gummerad Kulsektorventil f\u00f6r gruvor"},{"@type":"BreadcrumbList","@id":"https:\/\/www.ramenvalves.com\/sv\/hitta-din-industri\/gruvor-mineraler\/#breadcrumb","itemListElement":[{"@type":"ListItem","position":1,"name":"Home","item":"https:\/\/www.ramenvalves.com\/sv\/"},{"@type":"ListItem","position":2,"name":"Hitta din industri","item":"https:\/\/www.ramenvalves.com\/sv\/hitta-din-industri\/"},{"@type":"ListItem","position":3,"name":"Gruvor och mineraler"}]},{"@type":"WebSite","@id":"https:\/\/www.ramenvalves.com\/#website","url":"https:\/\/www.ramenvalves.com\/","name":"Ramen","description":"Ramen","potentialAction":[{"@type":"SearchAction","target":{"@type":"EntryPoint","urlTemplate":"https:\/\/www.ramenvalves.com\/?s={search_term_string}"},"query-input":{"@type":"PropertyValueSpecification","valueRequired":true,"valueName":"search_term_string"}}],"inLanguage":"sv-SE"}]}},"_links":{"self":[{"href":"https:\/\/www.ramenvalves.com\/sv\/wp-json\/wp\/v2\/pages\/10387","targetHints":{"allow":["GET"]}}],"collection":[{"href":"https:\/\/www.ramenvalves.com\/sv\/wp-json\/wp\/v2\/pages"}],"about":[{"href":"https:\/\/www.ramenvalves.com\/sv\/wp-json\/wp\/v2\/types\/page"}],"author":[{"embeddable":true,"href":"https:\/\/www.ramenvalves.com\/sv\/wp-json\/wp\/v2\/users\/5"}],"replies":[{"embeddable":true,"href":"https:\/\/www.ramenvalves.com\/sv\/wp-json\/wp\/v2\/comments?post=10387"}],"version-history":[{"count":65,"href":"https:\/\/www.ramenvalves.com\/sv\/wp-json\/wp\/v2\/pages\/10387\/revisions"}],"predecessor-version":[{"id":12335,"href":"https:\/\/www.ramenvalves.com\/sv\/wp-json\/wp\/v2\/pages\/10387\/revisions\/12335"}],"up":[{"embeddable":true,"href":"https:\/\/www.ramenvalves.com\/sv\/wp-json\/wp\/v2\/pages\/4977"}],"wp:featuredmedia":[{"embeddable":true,"href":"https:\/\/www.ramenvalves.com\/sv\/wp-json\/wp\/v2\/media\/10206"}],"wp:attachment":[{"href":"https:\/\/www.ramenvalves.com\/sv\/wp-json\/wp\/v2\/media?parent=10387"}],"curies":[{"name":"wp","href":"https:\/\/api.w.org\/{rel}","templated":true}]}}