{"id":10055,"date":"2024-07-05T08:09:42","date_gmt":"2024-07-05T08:09:42","guid":{"rendered":"https:\/\/www.ramenvalves.com\/?page_id=10055"},"modified":"2025-09-26T06:55:39","modified_gmt":"2025-09-26T06:55:39","slug":"ventillosningar-for-anga","status":"publish","type":"page","link":"https:\/\/www.ramenvalves.com\/sv\/hitta-din-industri\/ventillosningar-for-anga\/","title":{"rendered":"\u00c5nga"},"content":{"rendered":"","protected":false},"excerpt":{"rendered":"","protected":false},"author":5,"featured_media":0,"parent":4977,"menu_order":0,"comment_status":"closed","ping_status":"closed","template":"","meta":{"_acf_changed":false,"footnotes":""},"class_list":["post-10055","page","type-page","status-publish","hentry"],"acf":[],"yoast_head":"<!-- This site is optimized with the Yoast SEO plugin v27.3 - https:\/\/yoast.com\/product\/yoast-seo-wordpress\/ -->\n<title>\u00c5nga - Ramen<\/title>\n<meta name=\"description\" content=\"Att producera \u00e5nga \u00e4r en energikr\u00e4vande process. Ram\u00e9n Valves erbjuder en reglerventil speciellt designad f\u00f6r h\u00f6ga temperaturer och \u00e5nga.\" \/>\n<meta name=\"robots\" content=\"index, follow, max-snippet:-1, max-image-preview:large, max-video-preview:-1\" \/>\n<link rel=\"canonical\" href=\"https:\/\/www.ramenvalves.com\/sv\/hitta-din-industri\/ventillosningar-for-anga\/\" \/>\n<meta property=\"og:locale\" content=\"sv_SE\" \/>\n<meta property=\"og:type\" content=\"article\" \/>\n<meta property=\"og:title\" content=\"\u00c5nga - Ramen\" \/>\n<meta property=\"og:description\" content=\"Att producera \u00e5nga \u00e4r en energikr\u00e4vande process. Ram\u00e9n Valves erbjuder en reglerventil speciellt designad f\u00f6r h\u00f6ga temperaturer och \u00e5nga.\" \/>\n<meta property=\"og:url\" content=\"https:\/\/www.ramenvalves.com\/sv\/hitta-din-industri\/ventillosningar-for-anga\/\" \/>\n<meta property=\"og:site_name\" content=\"Ramen\" \/>\n<meta property=\"article:modified_time\" content=\"2025-09-26T06:55:39+00:00\" \/>\n<meta name=\"twitter:card\" content=\"summary_large_image\" \/>\n<script type=\"application\/ld+json\" class=\"yoast-schema-graph\">{\"@context\":\"https:\\\/\\\/schema.org\",\"@graph\":[{\"@type\":\"WebPage\",\"@id\":\"https:\\\/\\\/www.ramenvalves.com\\\/sv\\\/hitta-din-industri\\\/ventillosningar-for-anga\\\/\",\"url\":\"https:\\\/\\\/www.ramenvalves.com\\\/sv\\\/hitta-din-industri\\\/ventillosningar-for-anga\\\/\",\"name\":\"\u00c5nga - Ramen\",\"isPartOf\":{\"@id\":\"https:\\\/\\\/www.ramenvalves.com\\\/#website\"},\"datePublished\":\"2024-07-05T08:09:42+00:00\",\"dateModified\":\"2025-09-26T06:55:39+00:00\",\"description\":\"Att producera \u00e5nga \u00e4r en energikr\u00e4vande process. Ram\u00e9n Valves erbjuder en reglerventil speciellt designad f\u00f6r h\u00f6ga temperaturer och \u00e5nga.\",\"breadcrumb\":{\"@id\":\"https:\\\/\\\/www.ramenvalves.com\\\/sv\\\/hitta-din-industri\\\/ventillosningar-for-anga\\\/#breadcrumb\"},\"inLanguage\":\"sv-SE\",\"potentialAction\":[{\"@type\":\"ReadAction\",\"target\":[\"https:\\\/\\\/www.ramenvalves.com\\\/sv\\\/hitta-din-industri\\\/ventillosningar-for-anga\\\/\"]}]},{\"@type\":\"BreadcrumbList\",\"@id\":\"https:\\\/\\\/www.ramenvalves.com\\\/sv\\\/hitta-din-industri\\\/ventillosningar-for-anga\\\/#breadcrumb\",\"itemListElement\":[{\"@type\":\"ListItem\",\"position\":1,\"name\":\"Home\",\"item\":\"https:\\\/\\\/www.ramenvalves.com\\\/sv\\\/\"},{\"@type\":\"ListItem\",\"position\":2,\"name\":\"Hitta din industri\",\"item\":\"https:\\\/\\\/www.ramenvalves.com\\\/sv\\\/hitta-din-industri\\\/\"},{\"@type\":\"ListItem\",\"position\":3,\"name\":\"\u00c5nga\"}]},{\"@type\":\"WebSite\",\"@id\":\"https:\\\/\\\/www.ramenvalves.com\\\/#website\",\"url\":\"https:\\\/\\\/www.ramenvalves.com\\\/\",\"name\":\"Ramen\",\"description\":\"Ramen\",\"potentialAction\":[{\"@type\":\"SearchAction\",\"target\":{\"@type\":\"EntryPoint\",\"urlTemplate\":\"https:\\\/\\\/www.ramenvalves.com\\\/?s={search_term_string}\"},\"query-input\":{\"@type\":\"PropertyValueSpecification\",\"valueRequired\":true,\"valueName\":\"search_term_string\"}}],\"inLanguage\":\"sv-SE\"}]}<\/script>\n<!-- \/ Yoast SEO plugin. -->","yoast_head_json":{"title":"\u00c5nga - Ramen","description":"Att producera \u00e5nga \u00e4r en energikr\u00e4vande process. Ram\u00e9n Valves erbjuder en reglerventil speciellt designad f\u00f6r h\u00f6ga temperaturer och \u00e5nga.","robots":{"index":"index","follow":"follow","max-snippet":"max-snippet:-1","max-image-preview":"max-image-preview:large","max-video-preview":"max-video-preview:-1"},"canonical":"https:\/\/www.ramenvalves.com\/sv\/hitta-din-industri\/ventillosningar-for-anga\/","og_locale":"sv_SE","og_type":"article","og_title":"\u00c5nga - Ramen","og_description":"Att producera \u00e5nga \u00e4r en energikr\u00e4vande process. Ram\u00e9n Valves erbjuder en reglerventil speciellt designad f\u00f6r h\u00f6ga temperaturer och \u00e5nga.","og_url":"https:\/\/www.ramenvalves.com\/sv\/hitta-din-industri\/ventillosningar-for-anga\/","og_site_name":"Ramen","article_modified_time":"2025-09-26T06:55:39+00:00","twitter_card":"summary_large_image","schema":{"@context":"https:\/\/schema.org","@graph":[{"@type":"WebPage","@id":"https:\/\/www.ramenvalves.com\/sv\/hitta-din-industri\/ventillosningar-for-anga\/","url":"https:\/\/www.ramenvalves.com\/sv\/hitta-din-industri\/ventillosningar-for-anga\/","name":"\u00c5nga - Ramen","isPartOf":{"@id":"https:\/\/www.ramenvalves.com\/#website"},"datePublished":"2024-07-05T08:09:42+00:00","dateModified":"2025-09-26T06:55:39+00:00","description":"Att producera \u00e5nga \u00e4r en energikr\u00e4vande process. Ram\u00e9n Valves erbjuder en reglerventil speciellt designad f\u00f6r h\u00f6ga temperaturer och \u00e5nga.","breadcrumb":{"@id":"https:\/\/www.ramenvalves.com\/sv\/hitta-din-industri\/ventillosningar-for-anga\/#breadcrumb"},"inLanguage":"sv-SE","potentialAction":[{"@type":"ReadAction","target":["https:\/\/www.ramenvalves.com\/sv\/hitta-din-industri\/ventillosningar-for-anga\/"]}]},{"@type":"BreadcrumbList","@id":"https:\/\/www.ramenvalves.com\/sv\/hitta-din-industri\/ventillosningar-for-anga\/#breadcrumb","itemListElement":[{"@type":"ListItem","position":1,"name":"Home","item":"https:\/\/www.ramenvalves.com\/sv\/"},{"@type":"ListItem","position":2,"name":"Hitta din industri","item":"https:\/\/www.ramenvalves.com\/sv\/hitta-din-industri\/"},{"@type":"ListItem","position":3,"name":"\u00c5nga"}]},{"@type":"WebSite","@id":"https:\/\/www.ramenvalves.com\/#website","url":"https:\/\/www.ramenvalves.com\/","name":"Ramen","description":"Ramen","potentialAction":[{"@type":"SearchAction","target":{"@type":"EntryPoint","urlTemplate":"https:\/\/www.ramenvalves.com\/?s={search_term_string}"},"query-input":{"@type":"PropertyValueSpecification","valueRequired":true,"valueName":"search_term_string"}}],"inLanguage":"sv-SE"}]}},"_links":{"self":[{"href":"https:\/\/www.ramenvalves.com\/sv\/wp-json\/wp\/v2\/pages\/10055","targetHints":{"allow":["GET"]}}],"collection":[{"href":"https:\/\/www.ramenvalves.com\/sv\/wp-json\/wp\/v2\/pages"}],"about":[{"href":"https:\/\/www.ramenvalves.com\/sv\/wp-json\/wp\/v2\/types\/page"}],"author":[{"embeddable":true,"href":"https:\/\/www.ramenvalves.com\/sv\/wp-json\/wp\/v2\/users\/5"}],"replies":[{"embeddable":true,"href":"https:\/\/www.ramenvalves.com\/sv\/wp-json\/wp\/v2\/comments?post=10055"}],"version-history":[{"count":26,"href":"https:\/\/www.ramenvalves.com\/sv\/wp-json\/wp\/v2\/pages\/10055\/revisions"}],"predecessor-version":[{"id":12340,"href":"https:\/\/www.ramenvalves.com\/sv\/wp-json\/wp\/v2\/pages\/10055\/revisions\/12340"}],"up":[{"embeddable":true,"href":"https:\/\/www.ramenvalves.com\/sv\/wp-json\/wp\/v2\/pages\/4977"}],"wp:attachment":[{"href":"https:\/\/www.ramenvalves.com\/sv\/wp-json\/wp\/v2\/media?parent=10055"}],"curies":[{"name":"wp","href":"https:\/\/api.w.org\/{rel}","templated":true}]}}